{"id":4465,"date":"2022-11-07T15:43:03","date_gmt":"2022-11-07T15:43:03","guid":{"rendered":"https:\/\/themetesting.devsvibe.com\/?page_id=4465"},"modified":"2024-04-14T18:57:34","modified_gmt":"2024-04-14T15:57:34","slug":"contact-me","status":"publish","type":"page","link":"https:\/\/englishwithrubi.com\/tr\/contact-me\/","title":{"rendered":"Bana Ula\u015f\u0131n"},"content":{"rendered":"<div data-elementor-type=\"wp-page\" data-elementor-id=\"4465\" class=\"elementor elementor-4465\" data-elementor-post-type=\"page\">\n\t\t\t\t\t\t<section class=\"elementor-section elementor-top-section elementor-element elementor-element-9cdd8ed edulamp-elementor-disable-equal-height elementor-section-boxed elementor-section-height-default elementor-section-height-default\" data-id=\"9cdd8ed\" data-element_type=\"section\">\n\t\t\t\t\t\t<div class=\"elementor-container elementor-column-gap-extended\">\n\t\t\t\t\t<div class=\"elementor-column elementor-col-50 elementor-top-column elementor-element elementor-element-4da562f\" data-id=\"4da562f\" data-element_type=\"column\">\n\t\t\t<div class=\"elementor-widget-wrap elementor-element-populated\">\n\t\t\t\t\t\t<div class=\"elementor-element elementor-element-1ed3b30 contact-me-image elementor-widget elementor-widget-image\" data-id=\"1ed3b30\" data-element_type=\"widget\" data-widget_type=\"image.default\">\n\t\t\t\t<div class=\"elementor-widget-container\">\n\t\t\t\t\t\t\t\t\t\t\t\t\t\t\t<img fetchpriority=\"high\" decoding=\"async\" width=\"500\" height=\"567\" src=\"https:\/\/englishwithrubi.com\/wp-content\/uploads\/2022\/11\/contact-1-2.webp\" class=\"attachment-large size-large wp-image-4472\" alt=\"\" \/>\t\t\t\t\t\t\t\t\t\t\t\t\t\t\t<\/div>\n\t\t\t\t<\/div>\n\t\t\t\t<div class=\"elementor-element elementor-element-28f03b8 elementor-widget__width-auto elementor-absolute elementor-hidden-tablet elementor-hidden-mobile elementor-widget elementor-widget-image\" data-id=\"28f03b8\" data-element_type=\"widget\" data-settings=\"{&quot;_position&quot;:&quot;absolute&quot;}\" data-widget_type=\"image.default\">\n\t\t\t\t<div class=\"elementor-widget-container\">\n\t\t\t\t\t\t\t\t\t\t\t\t\t\t\t<img decoding=\"async\" width=\"95\" height=\"76\" src=\"https:\/\/englishwithrubi.com\/wp-content\/uploads\/2022\/10\/shape-03-11-2.png\" class=\"attachment-large size-large wp-image-664\" alt=\"\" \/>\t\t\t\t\t\t\t\t\t\t\t\t\t\t\t<\/div>\n\t\t\t\t<\/div>\n\t\t\t\t<div class=\"elementor-element elementor-element-23a0447 elementor-widget elementor-widget-text-editor\" data-id=\"23a0447\" data-element_type=\"widget\" data-widget_type=\"text-editor.default\">\n\t\t\t\t<div class=\"elementor-widget-container\">\n\t\t\t\t\t\t\t\t\tHer Konuda Size Yard\u0131mc\u0131<br\/> Olmaktan Mutluluk Duyar\u0131z\t\t\t\t\t\t\t\t<\/div>\n\t\t\t\t<\/div>\n\t\t\t\t\t<\/div>\n\t\t<\/div>\n\t\t\t\t<div class=\"elementor-column elementor-col-50 elementor-top-column elementor-element elementor-element-ad10b85\" data-id=\"ad10b85\" data-element_type=\"column\">\n\t\t\t<div class=\"elementor-widget-wrap elementor-element-populated\">\n\t\t\t\t\t\t<div class=\"elementor-element elementor-element-003f07a elementor-invisible elementor-widget elementor-widget-eduvibe-section-title\" data-id=\"003f07a\" data-element_type=\"widget\" data-settings=\"{&quot;_animation&quot;:&quot;slide-up&quot;}\" data-widget_type=\"eduvibe-section-title.default\">\n\t\t\t\t<div class=\"elementor-widget-container\">\n\t\t\t\t\t<div class=\"section-title\"><span class=\"pre-title\">BANA ULA\u015eIN<\/span><h3 class=\"title\">B\u0130R MESAJ G\u00d6NDER\u0130N<\/h3><\/div>\t\t\t\t<\/div>\n\t\t\t\t<\/div>\n\t\t\t\t<div class=\"elementor-element elementor-element-715effb elementor-widget__width-auto elementor-absolute elementor-hidden-tablet elementor-hidden-mobile elementor-widget elementor-widget-image\" data-id=\"715effb\" data-element_type=\"widget\" data-settings=\"{&quot;_position&quot;:&quot;absolute&quot;}\" data-widget_type=\"image.default\">\n\t\t\t\t<div class=\"elementor-widget-container\">\n\t\t\t\t\t\t\t\t\t\t\t\t\t\t\t<img decoding=\"async\" width=\"54\" height=\"59\" src=\"https:\/\/englishwithrubi.com\/wp-content\/uploads\/2022\/10\/shape-15-06-2.png\" class=\"attachment-large size-large wp-image-729\" alt=\"\" \/>\t\t\t\t\t\t\t\t\t\t\t\t\t\t\t<\/div>\n\t\t\t\t<\/div>\n\t\t\t\t<div class=\"elementor-element elementor-element-1770406 elementor-widget__width-auto elementor-absolute elementor-hidden-tablet elementor-hidden-mobile elementor-widget elementor-widget-image\" data-id=\"1770406\" data-element_type=\"widget\" data-settings=\"{&quot;_position&quot;:&quot;absolute&quot;}\" data-widget_type=\"image.default\">\n\t\t\t\t<div class=\"elementor-widget-container\">\n\t\t\t\t\t\t\t\t\t\t\t\t\t\t\t<img loading=\"lazy\" decoding=\"async\" width=\"58\" height=\"52\" src=\"https:\/\/englishwithrubi.com\/wp-content\/uploads\/2022\/10\/shape-09-03-2.png\" class=\"attachment-large size-large wp-image-691\" alt=\"\" \/>\t\t\t\t\t\t\t\t\t\t\t\t\t\t\t<\/div>\n\t\t\t\t<\/div>\n\t\t\t\t<div class=\"elementor-element elementor-element-662d80d elementor-widget__width-auto elementor-absolute elementor-hidden-tablet elementor-hidden-mobile elementor-widget elementor-widget-image\" data-id=\"662d80d\" data-element_type=\"widget\" data-settings=\"{&quot;_position&quot;:&quot;absolute&quot;}\" data-widget_type=\"image.default\">\n\t\t\t\t<div class=\"elementor-widget-container\">\n\t\t\t\t\t\t\t\t\t\t\t\t\t\t\t<img loading=\"lazy\" decoding=\"async\" width=\"51\" height=\"63\" src=\"https:\/\/englishwithrubi.com\/wp-content\/uploads\/2022\/10\/shape-03-02-2.png\" class=\"attachment-large size-large wp-image-656\" alt=\"\" \/>\t\t\t\t\t\t\t\t\t\t\t\t\t\t\t<\/div>\n\t\t\t\t<\/div>\n\t\t\t\t<div class=\"elementor-element elementor-element-fac7a6b elementor-invisible elementor-widget elementor-widget-eduvibe-contact-form-seven\" data-id=\"fac7a6b\" data-element_type=\"widget\" data-settings=\"{&quot;_animation&quot;:&quot;slide-up&quot;}\" data-widget_type=\"eduvibe-contact-form-seven.default\">\n\t\t\t\t<div class=\"elementor-widget-container\">\n\t\t\t\t\t<div class=\"eduvibe-contact-form-wrapper\">\n<div class=\"wpcf7 no-js\" id=\"wpcf7-f11165-o1\" lang=\"en-US\" dir=\"ltr\" data-wpcf7-id=\"11165\">\n<div class=\"screen-reader-response\"><p role=\"status\" aria-live=\"polite\" aria-atomic=\"true\"><\/p> <ul><\/ul><\/div>\n<form action=\"\/tr\/wp-json\/wp\/v2\/pages\/4465#wpcf7-f11165-o1\" method=\"post\" class=\"wpcf7-form init\" aria-label=\"Contact form\" novalidate=\"novalidate\" data-status=\"init\" data-trp-original-action=\"\/tr\/wp-json\/wp\/v2\/pages\/4465#wpcf7-f11165-o1\">\n<fieldset class=\"hidden-fields-container\"><input type=\"hidden\" name=\"_wpcf7\" value=\"11165\" \/><input type=\"hidden\" name=\"_wpcf7_version\" value=\"6.1.4\" \/><input type=\"hidden\" name=\"_wpcf7_locale\" value=\"en_US\" \/><input type=\"hidden\" name=\"_wpcf7_unit_tag\" value=\"wpcf7-f11165-o1\" \/><input type=\"hidden\" name=\"_wpcf7_container_post\" value=\"0\" \/><input type=\"hidden\" name=\"_wpcf7_posted_data_hash\" value=\"\" \/>\n<\/fieldset>\n<div class=\"eduvibe-contact-form-wrapper\">\n\t<div class=\"eduvibe-row\">\n\t\t<div class=\"eduvibe-col-lg-6\">\n\t\t\t<div class=\"eduvibe-contact-form-single-item mb--20\">\n\t\t\t\t<div class=\"eduvibe-contact-form-single-item-content\">\n\t\t\t\t\t<p><span class=\"wpcf7-form-control-wrap\" data-name=\"text-245\"><input size=\"40\" maxlength=\"400\" class=\"wpcf7-form-control wpcf7-text wpcf7-validates-as-required eduvibe-contact-form-field\" aria-required=\"true\" aria-invalid=\"false\" placeholder=\"Ad-Soyad*\" value=\"\" type=\"text\" name=\"text-245\" \/><\/span>\n\t\t\t\t\t<\/p>\n\t\t\t\t<\/div>\n\t\t\t<\/div>\n\t\t<\/div>\n\t\t<div class=\"eduvibe-col-lg-6\">\n\t\t\t<div class=\"eduvibe-contact-form-single-item mb--20\">\n\t\t\t\t<div class=\"eduvibe-contact-form-single-item-content\">\n\t\t\t\t\t<p><span class=\"wpcf7-form-control-wrap\" data-name=\"email-349\"><input size=\"40\" maxlength=\"400\" class=\"wpcf7-form-control wpcf7-email wpcf7-validates-as-required wpcf7-text wpcf7-validates-as-email eduvibe-contact-form-field\" aria-required=\"true\" aria-invalid=\"false\" placeholder=\"Email*\" value=\"\" type=\"email\" name=\"email-349\" \/><\/span>\n\t\t\t\t\t<\/p>\n\t\t\t\t<\/div>\n\t\t\t<\/div>\n\t\t<\/div>\n\t<\/div>\n\t<div class=\"eduvibe-contact-form-single-item\">\n\t\t<div class=\"eduvibe-contact-form-single-item-content\">\n\t\t\t<p><span class=\"wpcf7-form-control-wrap\" data-name=\"text-447\"><input size=\"40\" maxlength=\"400\" class=\"wpcf7-form-control wpcf7-text eduvibe-contact-form-field\" aria-invalid=\"false\" placeholder=\"Konu\" value=\"\" type=\"text\" name=\"text-447\" \/><\/span>\n\t\t\t<\/p>\n\t\t<\/div>\n\t<\/div>\n\t<div class=\"eduvibe-contact-form-single-item\">\n\t\t<div class=\"eduvibe-contact-form-single-item-content eduvibe-contact-form-textarea\">\n\t\t\t<p><span class=\"wpcf7-form-control-wrap\" data-name=\"textarea-865\"><textarea cols=\"40\" rows=\"5\" maxlength=\"2000\" class=\"wpcf7-form-control wpcf7-textarea wpcf7-validates-as-required eduvibe-contact-form-textarea eduvibe-contact-form-field\" aria-required=\"true\" aria-invalid=\"false\" placeholder=\"Mesaj\u0131n\u0131z\" name=\"textarea-865\"><\/textarea><\/span>\n\t\t\t<\/p>\n\t\t<\/div>\n\t<\/div>\n\t<div class=\"eduvibe-contact-form-single-item contact-me-button\">\n\t\t<div class=\"contact-me-button-wrapper\">\n\t\t\t<p><input class=\"wpcf7-form-control wpcf7-submit has-spinner eduvibe-button-with-icon\" type=\"submit\" value=\"G\u00f6nder\" \/>\n\t\t\t<\/p>\n\t\t<\/div>\n\t<\/div>\n<\/div><div class=\"wpcf7-response-output\" aria-hidden=\"true\"><\/div>\n<input type=\"hidden\" name=\"trp-form-language\" value=\"tr\"\/><\/form>\n<\/div>\n<\/div>\t\t\t\t<\/div>\n\t\t\t\t<\/div>\n\t\t\t\t\t<\/div>\n\t\t<\/div>\n\t\t\t\t\t<\/div>\n\t\t<\/section>\n\t\t\t\t<section class=\"elementor-section elementor-top-section elementor-element elementor-element-30dea38 elementor-section-boxed elementor-section-height-default elementor-section-height-default\" data-id=\"30dea38\" data-element_type=\"section\">\n\t\t\t\t\t\t<div class=\"elementor-container elementor-column-gap-extended\">\n\t\t\t\t\t<div class=\"elementor-column elementor-col-100 elementor-top-column elementor-element elementor-element-ac6e6ea\" data-id=\"ac6e6ea\" data-element_type=\"column\">\n\t\t\t<div class=\"elementor-widget-wrap elementor-element-populated\">\n\t\t\t\t\t\t<div class=\"elementor-element elementor-element-174bf93 elementor-invisible elementor-widget elementor-widget-eduvibe-section-title\" data-id=\"174bf93\" data-element_type=\"widget\" data-settings=\"{&quot;_animation&quot;:&quot;slide-up&quot;}\" data-widget_type=\"eduvibe-section-title.default\">\n\t\t\t\t<div class=\"elementor-widget-container\">\n\t\t\t\t\t<div class=\"section-title\"><span class=\"pre-title\">LOCATIONS<\/span><h3 class=\"title\">Our Offices Locations<\/h3><\/div>\t\t\t\t<\/div>\n\t\t\t\t<\/div>\n\t\t\t\t<div class=\"elementor-element elementor-element-d1de0f5 elementor-widget__width-auto elementor-absolute elementor-hidden-tablet elementor-hidden-mobile elementor-widget elementor-widget-image\" data-id=\"d1de0f5\" data-element_type=\"widget\" data-settings=\"{&quot;_position&quot;:&quot;absolute&quot;}\" data-widget_type=\"image.default\">\n\t\t\t\t<div class=\"elementor-widget-container\">\n\t\t\t\t\t\t\t\t\t\t\t\t\t\t\t<img loading=\"lazy\" decoding=\"async\" width=\"110\" height=\"99\" src=\"https:\/\/englishwithrubi.com\/wp-content\/uploads\/2022\/10\/shape-03-01-2.png\" class=\"attachment-large size-large wp-image-655\" alt=\"\" \/>\t\t\t\t\t\t\t\t\t\t\t\t\t\t\t<\/div>\n\t\t\t\t<\/div>\n\t\t\t\t<div class=\"elementor-element elementor-element-cac758f elementor-widget__width-auto elementor-absolute elementor-hidden-tablet elementor-hidden-mobile elementor-widget elementor-widget-image\" data-id=\"cac758f\" data-element_type=\"widget\" data-settings=\"{&quot;_position&quot;:&quot;absolute&quot;}\" data-widget_type=\"image.default\">\n\t\t\t\t<div class=\"elementor-widget-container\">\n\t\t\t\t\t\t\t\t\t\t\t\t\t\t\t<img loading=\"lazy\" decoding=\"async\" width=\"50\" height=\"52\" src=\"https:\/\/englishwithrubi.com\/wp-content\/uploads\/2022\/10\/shape-05-06-2.png\" class=\"attachment-large size-large wp-image-679\" alt=\"\" \/>\t\t\t\t\t\t\t\t\t\t\t\t\t\t\t<\/div>\n\t\t\t\t<\/div>\n\t\t\t\t<div class=\"elementor-element elementor-element-cac70a5 elementor-widget__width-auto elementor-absolute elementor-hidden-tablet elementor-hidden-mobile elementor-widget elementor-widget-image\" data-id=\"cac70a5\" data-element_type=\"widget\" data-settings=\"{&quot;_position&quot;:&quot;absolute&quot;}\" data-widget_type=\"image.default\">\n\t\t\t\t<div class=\"elementor-widget-container\">\n\t\t\t\t\t\t\t\t\t\t\t\t\t\t\t<img loading=\"lazy\" decoding=\"async\" width=\"44\" height=\"46\" src=\"https:\/\/englishwithrubi.com\/wp-content\/uploads\/2022\/10\/shape-14-03-2.png\" class=\"attachment-large size-large wp-image-722\" alt=\"\" \/>\t\t\t\t\t\t\t\t\t\t\t\t\t\t\t<\/div>\n\t\t\t\t<\/div>\n\t\t\t\t<div class=\"elementor-element elementor-element-cbab641 elementor-widget__width-auto elementor-absolute elementor-hidden-tablet elementor-hidden-mobile elementor-widget elementor-widget-image\" data-id=\"cbab641\" data-element_type=\"widget\" data-settings=\"{&quot;_position&quot;:&quot;absolute&quot;}\" data-widget_type=\"image.default\">\n\t\t\t\t<div class=\"elementor-widget-container\">\n\t\t\t\t\t\t\t\t\t\t\t\t\t\t\t<img loading=\"lazy\" decoding=\"async\" width=\"25\" height=\"29\" src=\"https:\/\/englishwithrubi.com\/wp-content\/uploads\/2022\/10\/shape-05-03-2.png\" class=\"attachment-large size-large wp-image-676\" alt=\"\" \/>\t\t\t\t\t\t\t\t\t\t\t\t\t\t\t<\/div>\n\t\t\t\t<\/div>\n\t\t\t\t<div class=\"elementor-element elementor-element-6f5c893 elementor-widget__width-auto elementor-absolute elementor-hidden-tablet elementor-hidden-mobile elementor-widget elementor-widget-image\" data-id=\"6f5c893\" data-element_type=\"widget\" data-settings=\"{&quot;_position&quot;:&quot;absolute&quot;}\" data-widget_type=\"image.default\">\n\t\t\t\t<div class=\"elementor-widget-container\">\n\t\t\t\t\t\t\t\t\t\t\t\t\t\t\t<img loading=\"lazy\" decoding=\"async\" width=\"13\" height=\"13\" src=\"https:\/\/englishwithrubi.com\/wp-content\/uploads\/2022\/10\/shape-01-03-2.png\" class=\"attachment-large size-large wp-image-643\" alt=\"\" \/>\t\t\t\t\t\t\t\t\t\t\t\t\t\t\t<\/div>\n\t\t\t\t<\/div>\n\t\t\t\t<section class=\"elementor-section elementor-inner-section elementor-element elementor-element-2723eab elementor-section-full_width elementor-section-height-default elementor-section-height-default\" data-id=\"2723eab\" data-element_type=\"section\">\n\t\t\t\t\t\t<div class=\"elementor-container elementor-column-gap-no\">\n\t\t\t\t\t<div class=\"elementor-column elementor-col-50 elementor-inner-column elementor-element elementor-element-6cedc95\" data-id=\"6cedc95\" data-element_type=\"column\">\n\t\t\t<div class=\"elementor-widget-wrap elementor-element-populated\">\n\t\t\t\t\t\t<div class=\"elementor-element elementor-element-6a557c3 elementor-invisible elementor-widget elementor-widget-eduvibe-contact-info\" data-id=\"6a557c3\" data-element_type=\"widget\" data-settings=\"{&quot;_animation&quot;:&quot;slide-up&quot;}\" data-widget_type=\"eduvibe-contact-info.default\">\n\t\t\t\t<div class=\"elementor-widget-container\">\n\t\t\t\t\t<div class=\"contact-info-card eduvibe-contact-info-card-style-2\"><div class=\"inner\"><div class=\"icon\"><img decoding=\"async\" src=\"https:\/\/englishwithrubi.com\/wp-content\/uploads\/2022\/11\/whatsapp-2.png\" alt=\"whatsapp\"><\/div><div class=\"content\"><h6 class=\"title\">\u0130leti\u015fim Numaram\u0131z<\/h6><p><span>Whatsapp: <\/span><a href=\"https:\/\/wa.me\/+905059093660\"> (+90) 505 909 3660<\/a><\/p>\n\n<\/div><\/div><\/div>\t\t\t\t<\/div>\n\t\t\t\t<\/div>\n\t\t\t\t\t<\/div>\n\t\t<\/div>\n\t\t\t\t<div class=\"elementor-column elementor-col-50 elementor-inner-column elementor-element elementor-element-62677e5\" data-id=\"62677e5\" data-element_type=\"column\">\n\t\t\t<div class=\"elementor-widget-wrap elementor-element-populated\">\n\t\t\t\t\t\t<div class=\"elementor-element elementor-element-5246fc9 elementor-invisible elementor-widget elementor-widget-eduvibe-contact-info\" data-id=\"5246fc9\" data-element_type=\"widget\" data-settings=\"{&quot;_animation&quot;:&quot;slide-up&quot;}\" data-widget_type=\"eduvibe-contact-info.default\">\n\t\t\t\t<div class=\"elementor-widget-container\">\n\t\t\t\t\t<div class=\"contact-info-card eduvibe-contact-info-card-style-2\"><div class=\"inner\"><div class=\"icon\"><img decoding=\"async\" src=\"https:\/\/englishwithrubi.com\/wp-content\/uploads\/2022\/11\/linkedin-2.png\" alt=\"linkedin\"><\/div><div class=\"content\"><h6 class=\"title\">\u00c7al\u0131\u015fma Saatleri<\/h6><p><span>Pazartesi - Per\u015fembe: <\/span>12:00 - 23:00<\/p>\n\n<p><span>Pazar: <\/span> 12:00 - 23:00<\/p><\/div><\/div><\/div>\t\t\t\t<\/div>\n\t\t\t\t<\/div>\n\t\t\t\t\t<\/div>\n\t\t<\/div>\n\t\t\t\t\t<\/div>\n\t\t<\/section>\n\t\t\t\t\t<\/div>\n\t\t<\/div>\n\t\t\t\t\t<\/div>\n\t\t<\/section>\n\t\t\t\t<section class=\"elementor-section elementor-top-section elementor-element elementor-element-3a3e098 elementor-section-full_width elementor-hidden-tablet elementor-hidden-mobile elementor-section-height-default elementor-section-height-default\" data-id=\"3a3e098\" data-element_type=\"section\">\n\t\t\t\t\t\t<div class=\"elementor-container elementor-column-gap-no\">\n\t\t\t\t\t<div class=\"elementor-column elementor-col-100 elementor-top-column elementor-element elementor-element-e98562d\" data-id=\"e98562d\" data-element_type=\"column\">\n\t\t\t<div class=\"elementor-widget-wrap elementor-element-populated\">\n\t\t\t\t\t\t<div class=\"elementor-element elementor-element-daeac58 elementor-widget elementor-widget-image\" data-id=\"daeac58\" data-element_type=\"widget\" data-widget_type=\"image.default\">\n\t\t\t\t<div class=\"elementor-widget-container\">\n\t\t\t\t\t\t\t\t\t\t\t\t\t\t\t<img loading=\"lazy\" decoding=\"async\" width=\"640\" height=\"102\" src=\"https:\/\/englishwithrubi.com\/wp-content\/uploads\/2022\/11\/bg-image-27-2.webp\" class=\"attachment-large size-large wp-image-4471\" alt=\"\" \/>\t\t\t\t\t\t\t\t\t\t\t\t\t\t\t<\/div>\n\t\t\t\t<\/div>\n\t\t\t\t\t<\/div>\n\t\t<\/div>\n\t\t\t\t\t<\/div>\n\t\t<\/section>\n\t\t\t\t<\/div>","protected":false},"excerpt":{"rendered":"<p>Don\u2019t Be Hesitate To Contact With Me CONTACT ME Send Me A Message LOCATIONS Our Offices Locations \u0130leti\u015fim Numaram\u0131z Whatsapp:&#8230;<\/p>","protected":false},"author":1,"featured_media":0,"parent":0,"menu_order":0,"comment_status":"closed","ping_status":"closed","template":"","meta":{"_eb_attr":"","footnotes":""},"class_list":["post-4465","page","type-page","status-publish","hentry"],"yoast_head":"<!-- This site is optimized with the Yoast SEO plugin v26.3 - https:\/\/yoast.com\/wordpress\/plugins\/seo\/ -->\n<title>Contact Me - English with Rubi<\/title>\n<meta name=\"robots\" content=\"index, follow, max-snippet:-1, max-image-preview:large, max-video-preview:-1\" \/>\n<link rel=\"canonical\" href=\"https:\/\/englishwithrubi.com\/tr\/contact-me\/\" \/>\n<meta property=\"og:locale\" content=\"tr_TR\" \/>\n<meta property=\"og:type\" content=\"article\" \/>\n<meta property=\"og:title\" content=\"Contact Me - English with Rubi\" \/>\n<meta property=\"og:description\" content=\"Don\u2019t Be Hesitate To Contact With Me CONTACT ME Send Me A Message LOCATIONS Our Offices Locations \u0130leti\u015fim Numaram\u0131z Whatsapp:&#8230;\" \/>\n<meta property=\"og:url\" content=\"https:\/\/englishwithrubi.com\/tr\/contact-me\/\" \/>\n<meta property=\"og:site_name\" content=\"English with Rubi\" \/>\n<meta property=\"article:publisher\" content=\"https:\/\/www.facebook.com\/profile.php?id=61553063665265\" \/>\n<meta property=\"article:modified_time\" content=\"2024-04-14T15:57:34+00:00\" \/>\n<meta property=\"og:image\" content=\"https:\/\/englishwithrubi.com\/wp-content\/uploads\/2022\/11\/contact-1-2.webp\" \/>\n<meta name=\"twitter:card\" content=\"summary_large_image\" \/>\n<meta name=\"twitter:label1\" content=\"Tahmini okuma s\u00fcresi\" \/>\n\t<meta name=\"twitter:data1\" content=\"3 dakika\" \/>\n<script type=\"application\/ld+json\" class=\"yoast-schema-graph\">{\"@context\":\"https:\/\/schema.org\",\"@graph\":[{\"@type\":\"WebPage\",\"@id\":\"https:\/\/englishwithrubi.com\/contact-me\/\",\"url\":\"https:\/\/englishwithrubi.com\/contact-me\/\",\"name\":\"Contact Me - English with Rubi\",\"isPartOf\":{\"@id\":\"https:\/\/englishwithrubi.com\/#website\"},\"primaryImageOfPage\":{\"@id\":\"https:\/\/englishwithrubi.com\/contact-me\/#primaryimage\"},\"image\":{\"@id\":\"https:\/\/englishwithrubi.com\/contact-me\/#primaryimage\"},\"thumbnailUrl\":\"https:\/\/englishwithrubi.com\/wp-content\/uploads\/2022\/11\/contact-1-2.webp\",\"datePublished\":\"2022-11-07T15:43:03+00:00\",\"dateModified\":\"2024-04-14T15:57:34+00:00\",\"breadcrumb\":{\"@id\":\"https:\/\/englishwithrubi.com\/contact-me\/#breadcrumb\"},\"inLanguage\":\"tr\",\"potentialAction\":[{\"@type\":\"ReadAction\",\"target\":[\"https:\/\/englishwithrubi.com\/contact-me\/\"]}]},{\"@type\":\"ImageObject\",\"inLanguage\":\"tr\",\"@id\":\"https:\/\/englishwithrubi.com\/contact-me\/#primaryimage\",\"url\":\"https:\/\/englishwithrubi.com\/wp-content\/uploads\/2022\/11\/contact-1-2.webp\",\"contentUrl\":\"https:\/\/englishwithrubi.com\/wp-content\/uploads\/2022\/11\/contact-1-2.webp\"},{\"@type\":\"BreadcrumbList\",\"@id\":\"https:\/\/englishwithrubi.com\/contact-me\/#breadcrumb\",\"itemListElement\":[{\"@type\":\"ListItem\",\"position\":1,\"name\":\"Home\",\"item\":\"https:\/\/englishwithrubi.com\/en\/\"},{\"@type\":\"ListItem\",\"position\":2,\"name\":\"Contact Me\"}]},{\"@type\":\"WebSite\",\"@id\":\"https:\/\/englishwithrubi.com\/#website\",\"url\":\"https:\/\/englishwithrubi.com\/\",\"name\":\"English with Rubi\",\"description\":\"\",\"publisher\":{\"@id\":\"https:\/\/englishwithrubi.com\/#organization\"},\"potentialAction\":[{\"@type\":\"SearchAction\",\"target\":{\"@type\":\"EntryPoint\",\"urlTemplate\":\"https:\/\/englishwithrubi.com\/?s={search_term_string}\"},\"query-input\":{\"@type\":\"PropertyValueSpecification\",\"valueRequired\":true,\"valueName\":\"search_term_string\"}}],\"inLanguage\":\"tr\"},{\"@type\":\"Organization\",\"@id\":\"https:\/\/englishwithrubi.com\/#organization\",\"name\":\"English with Rubi\",\"url\":\"https:\/\/englishwithrubi.com\/\",\"logo\":{\"@type\":\"ImageObject\",\"inLanguage\":\"tr\",\"@id\":\"https:\/\/englishwithrubi.com\/#\/schema\/logo\/image\/\",\"url\":\"https:\/\/englishwithrubi.com\/wp-content\/uploads\/2023\/04\/Untitled-6.png\",\"contentUrl\":\"https:\/\/englishwithrubi.com\/wp-content\/uploads\/2023\/04\/Untitled-6.png\",\"width\":567,\"height\":144,\"caption\":\"English with Rubi\"},\"image\":{\"@id\":\"https:\/\/englishwithrubi.com\/#\/schema\/logo\/image\/\"},\"sameAs\":[\"https:\/\/www.facebook.com\/profile.php?id=61553063665265\",\"https:\/\/www.instagram.com\/englishwithrubi\/\",\"http:\/\/www.youtube.com\/@EnglishwithRubi\"]}]}<\/script>\n<!-- \/ Yoast SEO plugin. -->","yoast_head_json":{"title":"Contact Me - English with Rubi","robots":{"index":"index","follow":"follow","max-snippet":"max-snippet:-1","max-image-preview":"max-image-preview:large","max-video-preview":"max-video-preview:-1"},"canonical":"https:\/\/englishwithrubi.com\/tr\/contact-me\/","og_locale":"tr_TR","og_type":"article","og_title":"Contact Me - English with Rubi","og_description":"Don\u2019t Be Hesitate To Contact With Me CONTACT ME Send Me A Message LOCATIONS Our Offices Locations \u0130leti\u015fim Numaram\u0131z Whatsapp:&#8230;","og_url":"https:\/\/englishwithrubi.com\/tr\/contact-me\/","og_site_name":"English with Rubi","article_publisher":"https:\/\/www.facebook.com\/profile.php?id=61553063665265","article_modified_time":"2024-04-14T15:57:34+00:00","og_image":[{"url":"https:\/\/englishwithrubi.com\/wp-content\/uploads\/2022\/11\/contact-1-2.webp","type":"","width":"","height":""}],"twitter_card":"summary_large_image","twitter_misc":{"Tahmini okuma s\u00fcresi":"3 dakika"},"schema":{"@context":"https:\/\/schema.org","@graph":[{"@type":"WebPage","@id":"https:\/\/englishwithrubi.com\/contact-me\/","url":"https:\/\/englishwithrubi.com\/contact-me\/","name":"Contact Me - English with Rubi","isPartOf":{"@id":"https:\/\/englishwithrubi.com\/#website"},"primaryImageOfPage":{"@id":"https:\/\/englishwithrubi.com\/contact-me\/#primaryimage"},"image":{"@id":"https:\/\/englishwithrubi.com\/contact-me\/#primaryimage"},"thumbnailUrl":"https:\/\/englishwithrubi.com\/wp-content\/uploads\/2022\/11\/contact-1-2.webp","datePublished":"2022-11-07T15:43:03+00:00","dateModified":"2024-04-14T15:57:34+00:00","breadcrumb":{"@id":"https:\/\/englishwithrubi.com\/contact-me\/#breadcrumb"},"inLanguage":"tr","potentialAction":[{"@type":"ReadAction","target":["https:\/\/englishwithrubi.com\/contact-me\/"]}]},{"@type":"ImageObject","inLanguage":"tr","@id":"https:\/\/englishwithrubi.com\/contact-me\/#primaryimage","url":"https:\/\/englishwithrubi.com\/wp-content\/uploads\/2022\/11\/contact-1-2.webp","contentUrl":"https:\/\/englishwithrubi.com\/wp-content\/uploads\/2022\/11\/contact-1-2.webp"},{"@type":"BreadcrumbList","@id":"https:\/\/englishwithrubi.com\/contact-me\/#breadcrumb","itemListElement":[{"@type":"ListItem","position":1,"name":"Home","item":"https:\/\/englishwithrubi.com\/en\/"},{"@type":"ListItem","position":2,"name":"Contact Me"}]},{"@type":"WebSite","@id":"https:\/\/englishwithrubi.com\/#website","url":"https:\/\/englishwithrubi.com\/","name":"English with Rubi","description":"","publisher":{"@id":"https:\/\/englishwithrubi.com\/#organization"},"potentialAction":[{"@type":"SearchAction","target":{"@type":"EntryPoint","urlTemplate":"https:\/\/englishwithrubi.com\/?s={search_term_string}"},"query-input":{"@type":"PropertyValueSpecification","valueRequired":true,"valueName":"search_term_string"}}],"inLanguage":"tr"},{"@type":"Organization","@id":"https:\/\/englishwithrubi.com\/#organization","name":"English with Rubi","url":"https:\/\/englishwithrubi.com\/","logo":{"@type":"ImageObject","inLanguage":"tr","@id":"https:\/\/englishwithrubi.com\/#\/schema\/logo\/image\/","url":"https:\/\/englishwithrubi.com\/wp-content\/uploads\/2023\/04\/Untitled-6.png","contentUrl":"https:\/\/englishwithrubi.com\/wp-content\/uploads\/2023\/04\/Untitled-6.png","width":567,"height":144,"caption":"English with Rubi"},"image":{"@id":"https:\/\/englishwithrubi.com\/#\/schema\/logo\/image\/"},"sameAs":["https:\/\/www.facebook.com\/profile.php?id=61553063665265","https:\/\/www.instagram.com\/englishwithrubi\/","http:\/\/www.youtube.com\/@EnglishwithRubi"]}]}},"_links":{"self":[{"href":"https:\/\/englishwithrubi.com\/tr\/wp-json\/wp\/v2\/pages\/4465","targetHints":{"allow":["GET"]}}],"collection":[{"href":"https:\/\/englishwithrubi.com\/tr\/wp-json\/wp\/v2\/pages"}],"about":[{"href":"https:\/\/englishwithrubi.com\/tr\/wp-json\/wp\/v2\/types\/page"}],"author":[{"embeddable":true,"href":"https:\/\/englishwithrubi.com\/tr\/wp-json\/wp\/v2\/users\/1"}],"replies":[{"embeddable":true,"href":"https:\/\/englishwithrubi.com\/tr\/wp-json\/wp\/v2\/comments?post=4465"}],"version-history":[{"count":6,"href":"https:\/\/englishwithrubi.com\/tr\/wp-json\/wp\/v2\/pages\/4465\/revisions"}],"predecessor-version":[{"id":11171,"href":"https:\/\/englishwithrubi.com\/tr\/wp-json\/wp\/v2\/pages\/4465\/revisions\/11171"}],"wp:attachment":[{"href":"https:\/\/englishwithrubi.com\/tr\/wp-json\/wp\/v2\/media?parent=4465"}],"curies":[{"name":"wp","href":"https:\/\/api.w.org\/{rel}","templated":true}]}}