{"id":4361,"date":"2022-11-06T14:42:08","date_gmt":"2022-11-06T14:42:08","guid":{"rendered":"https:\/\/themetesting.devsvibe.com\/?page_id=4361"},"modified":"2023-12-10T21:16:17","modified_gmt":"2023-12-10T18:16:17","slug":"contact-us","status":"publish","type":"page","link":"https:\/\/englishwithrubi.com\/tr\/contact-us\/","title":{"rendered":"Bize Ula\u015f\u0131n"},"content":{"rendered":"<div data-elementor-type=\"wp-page\" data-elementor-id=\"4361\" class=\"elementor elementor-4361\" data-elementor-post-type=\"page\">\n\t\t\t\t\t\t<section class=\"elementor-section elementor-top-section elementor-element elementor-element-a3b7a6f elementor-section-boxed elementor-section-height-default elementor-section-height-default\" data-id=\"a3b7a6f\" data-element_type=\"section\">\n\t\t\t\t\t\t<div class=\"elementor-container elementor-column-gap-extended\">\n\t\t\t\t\t<div class=\"elementor-column elementor-col-100 elementor-top-column elementor-element elementor-element-f08a70d\" data-id=\"f08a70d\" data-element_type=\"column\">\n\t\t\t<div class=\"elementor-widget-wrap elementor-element-populated\">\n\t\t\t\t\t\t<div class=\"elementor-element elementor-element-ec6d440 elementor-invisible elementor-widget elementor-widget-eduvibe-section-title\" data-id=\"ec6d440\" data-element_type=\"widget\" data-settings=\"{&quot;_animation&quot;:&quot;slide-up&quot;}\" data-widget_type=\"eduvibe-section-title.default\">\n\t\t\t\t<div class=\"elementor-widget-container\">\n\t\t\t\t\t<div class=\"section-title\"><span class=\"pre-title\">YARDIMA \u0130HT\u0130YACINIZ MI VAR?<\/span><h3 class=\"title\">Bizimle \u0130leti\u015fime Ge\u00e7in<\/h3><\/div>\t\t\t\t<\/div>\n\t\t\t\t<\/div>\n\t\t\t\t<section class=\"elementor-section elementor-inner-section elementor-element elementor-element-e7e399e elementor-section-full_width elementor-section-height-default elementor-section-height-default\" data-id=\"e7e399e\" data-element_type=\"section\">\n\t\t\t\t\t\t<div class=\"elementor-container elementor-column-gap-no\">\n\t\t\t\t\t<div class=\"elementor-column elementor-col-50 elementor-inner-column elementor-element elementor-element-06a481e\" data-id=\"06a481e\" data-element_type=\"column\">\n\t\t\t<div class=\"elementor-widget-wrap elementor-element-populated\">\n\t\t\t\t\t\t<section class=\"elementor-section elementor-inner-section elementor-element elementor-element-2883699 elementor-section-boxed elementor-section-height-default elementor-section-height-default\" data-id=\"2883699\" data-element_type=\"section\">\n\t\t\t\t\t\t<div class=\"elementor-container elementor-column-gap-no\">\n\t\t\t\t\t<div class=\"elementor-column elementor-col-50 elementor-inner-column elementor-element elementor-element-568ac8f\" data-id=\"568ac8f\" data-element_type=\"column\" data-settings=\"{&quot;background_background&quot;:&quot;classic&quot;}\">\n\t\t\t<div class=\"elementor-widget-wrap elementor-element-populated\">\n\t\t\t\t\t\t<div class=\"elementor-element elementor-element-e981ad2 elementor-invisible elementor-widget elementor-widget-eduvibe-contact-info\" data-id=\"e981ad2\" data-element_type=\"widget\" data-settings=\"{&quot;_animation&quot;:&quot;slide-up&quot;}\" data-widget_type=\"eduvibe-contact-info.default\">\n\t\t\t\t<div class=\"elementor-widget-container\">\n\t\t\t\t\t<div class=\"contact-info-card eduvibe-contact-info-card-style-1\"><div class=\"inner\"><div class=\"icon\"><i aria-hidden=\"true\" class=\"ri ri-global-fill\"><\/i><\/div><div class=\"content\"><h6 class=\"title\">Faydal\u0131 Ba\u011flant\u0131lar<\/h6><a href=\"\/tr\/www.englishwithrubi.com\/\" target=\"_blank\">www.englishwithrubi.com<\/a><\/br>\n<a href=\"https:\/\/www.sahibinden.com\/ilan\/ozel-ders-verenler-yabanci-dil-konusma-agirlikli-ingilizce-dersleri-995003571\/detay\/\" target=\"_blank\">Sahibinden \u0130lan\u0131<\/a><\/div><\/div><\/div>\t\t\t\t<\/div>\n\t\t\t\t<\/div>\n\t\t\t\t\t<\/div>\n\t\t<\/div>\n\t\t\t\t<div class=\"elementor-column elementor-col-50 elementor-inner-column elementor-element elementor-element-0f76d36\" data-id=\"0f76d36\" data-element_type=\"column\" data-settings=\"{&quot;background_background&quot;:&quot;classic&quot;}\">\n\t\t\t<div class=\"elementor-widget-wrap elementor-element-populated\">\n\t\t\t\t\t\t<div class=\"elementor-element elementor-element-93c200e elementor-invisible elementor-widget elementor-widget-eduvibe-contact-info\" data-id=\"93c200e\" data-element_type=\"widget\" data-settings=\"{&quot;_animation&quot;:&quot;slide-up&quot;}\" data-widget_type=\"eduvibe-contact-info.default\">\n\t\t\t\t<div class=\"elementor-widget-container\">\n\t\t\t\t\t<div class=\"contact-info-card eduvibe-contact-info-card-style-1\"><div class=\"inner\"><div class=\"icon\"><i aria-hidden=\"true\" class=\"fab fa-whatsapp\"><\/i><\/div><div class=\"content\"><h6 class=\"title\">WhatsApp'tan Mesaj At\u0131n<\/h6><a href=\"https:\/\/api.whatsapp.com\/send?phone=905059093660\">+90 (505) 909 3660<\/a><\/div><\/div><\/div>\t\t\t\t<\/div>\n\t\t\t\t<\/div>\n\t\t\t\t\t<\/div>\n\t\t<\/div>\n\t\t\t\t\t<\/div>\n\t\t<\/section>\n\t\t\t\t<section class=\"elementor-section elementor-inner-section elementor-element elementor-element-83b8843 elementor-section-boxed elementor-section-height-default elementor-section-height-default\" data-id=\"83b8843\" data-element_type=\"section\">\n\t\t\t\t\t\t<div class=\"elementor-container elementor-column-gap-no\">\n\t\t\t\t\t<div class=\"elementor-column elementor-col-50 elementor-inner-column elementor-element elementor-element-07cd3a2\" data-id=\"07cd3a2\" data-element_type=\"column\" data-settings=\"{&quot;background_background&quot;:&quot;classic&quot;}\">\n\t\t\t<div class=\"elementor-widget-wrap elementor-element-populated\">\n\t\t\t\t\t\t<div class=\"elementor-element elementor-element-eabffed elementor-invisible elementor-widget elementor-widget-eduvibe-contact-info\" data-id=\"eabffed\" data-element_type=\"widget\" data-settings=\"{&quot;_animation&quot;:&quot;slide-up&quot;}\" data-widget_type=\"eduvibe-contact-info.default\">\n\t\t\t\t<div class=\"elementor-widget-container\">\n\t\t\t\t\t<div class=\"contact-info-card eduvibe-contact-info-card-style-1\"><div class=\"inner\"><div class=\"icon\"><i aria-hidden=\"true\" class=\"ri ri-mail-open-fill\"><\/i><\/div><div class=\"content\"><h6 class=\"title\">E-posta Adresimiz<\/h6><a href=\"mailto:hello@englishwithrubi.com\" target=\"_blank\">hello@englishwithrubi.com<\/a><\/div><\/div><\/div>\t\t\t\t<\/div>\n\t\t\t\t<\/div>\n\t\t\t\t\t<\/div>\n\t\t<\/div>\n\t\t\t\t<div class=\"elementor-column elementor-col-50 elementor-inner-column elementor-element elementor-element-113565f\" data-id=\"113565f\" data-element_type=\"column\" data-settings=\"{&quot;background_background&quot;:&quot;classic&quot;}\">\n\t\t\t<div class=\"elementor-widget-wrap elementor-element-populated\">\n\t\t\t\t\t\t<div class=\"elementor-element elementor-element-ed96e62 elementor-invisible elementor-widget elementor-widget-eduvibe-contact-info\" data-id=\"ed96e62\" data-element_type=\"widget\" data-settings=\"{&quot;_animation&quot;:&quot;slide-up&quot;}\" data-widget_type=\"eduvibe-contact-info.default\">\n\t\t\t\t<div class=\"elementor-widget-container\">\n\t\t\t\t\t<div class=\"contact-info-card eduvibe-contact-info-card-style-1\"><div class=\"inner\"><div class=\"icon\"><i aria-hidden=\"true\" class=\"fab fa-discord\"><\/i><\/div><div class=\"content\"><h6 class=\"title\">Discord Sunucusu<\/h6><a href=\"https:\/\/discord.gg\/rR6c3zKQsP\" target=\"_blank\">English with Rubi<\/a><\/div><\/div><\/div>\t\t\t\t<\/div>\n\t\t\t\t<\/div>\n\t\t\t\t\t<\/div>\n\t\t<\/div>\n\t\t\t\t\t<\/div>\n\t\t<\/section>\n\t\t\t\t<div class=\"elementor-element elementor-element-2420d9b elementor-widget__width-auto elementor-absolute elementor-hidden-tablet elementor-hidden-mobile elementor-widget elementor-widget-image\" data-id=\"2420d9b\" data-element_type=\"widget\" data-settings=\"{&quot;_position&quot;:&quot;absolute&quot;}\" data-widget_type=\"image.default\">\n\t\t\t\t<div class=\"elementor-widget-container\">\n\t\t\t\t\t\t\t\t\t\t\t\t\t\t\t<img decoding=\"async\" width=\"87\" height=\"116\" src=\"https:\/\/englishwithrubi.com\/wp-content\/uploads\/2022\/10\/shape-04-01-2.png\" class=\"attachment-large size-large wp-image-666\" alt=\"\" \/>\t\t\t\t\t\t\t\t\t\t\t\t\t\t\t<\/div>\n\t\t\t\t<\/div>\n\t\t\t\t\t<\/div>\n\t\t<\/div>\n\t\t\t\t<div class=\"elementor-column elementor-col-50 elementor-inner-column elementor-element elementor-element-75cb777\" data-id=\"75cb777\" data-element_type=\"column\">\n\t\t\t<div class=\"elementor-widget-wrap elementor-element-populated\">\n\t\t\t\t\t\t<div class=\"elementor-element elementor-element-031ce8a elementor-invisible elementor-widget elementor-widget-eduvibe-contact-form-seven\" data-id=\"031ce8a\" data-element_type=\"widget\" data-settings=\"{&quot;_animation&quot;:&quot;slide-up&quot;}\" data-widget_type=\"eduvibe-contact-form-seven.default\">\n\t\t\t\t<div class=\"elementor-widget-container\">\n\t\t\t\t\t<div class=\"eduvibe-contact-form-wrapper\">\n<div class=\"wpcf7 no-js\" id=\"wpcf7-f4434-o1\" lang=\"en-US\" dir=\"ltr\" data-wpcf7-id=\"4434\">\n<div class=\"screen-reader-response\"><p role=\"status\" aria-live=\"polite\" aria-atomic=\"true\"><\/p> <ul><\/ul><\/div>\n<form action=\"\/tr\/wp-json\/wp\/v2\/pages\/4361#wpcf7-f4434-o1\" method=\"post\" class=\"wpcf7-form init\" aria-label=\"Contact form\" novalidate=\"novalidate\" data-status=\"init\" data-trp-original-action=\"\/tr\/wp-json\/wp\/v2\/pages\/4361#wpcf7-f4434-o1\">\n<fieldset class=\"hidden-fields-container\"><input type=\"hidden\" name=\"_wpcf7\" value=\"4434\" \/><input type=\"hidden\" name=\"_wpcf7_version\" value=\"6.1.4\" \/><input type=\"hidden\" name=\"_wpcf7_locale\" value=\"en_US\" \/><input type=\"hidden\" name=\"_wpcf7_unit_tag\" value=\"wpcf7-f4434-o1\" \/><input type=\"hidden\" name=\"_wpcf7_container_post\" value=\"0\" \/><input type=\"hidden\" name=\"_wpcf7_posted_data_hash\" value=\"\" \/>\n<\/fieldset>\n<div class=\"eduvibe-contact-form-wrapper\">\n\t<div class=\"eduvibe-contact-form-single-item\">\n\t\t<div class=\"eduvibe-contact-form-single-item-content\">\n\t\t\t<p><span class=\"wpcf7-form-control-wrap\" data-name=\"text-245\"><input size=\"40\" maxlength=\"400\" class=\"wpcf7-form-control wpcf7-text wpcf7-validates-as-required eduvibe-contact-form-field\" aria-required=\"true\" aria-invalid=\"false\" placeholder=\"Ad-Soyad*\" value=\"\" type=\"text\" name=\"text-245\" \/><\/span>\n\t\t\t<\/p>\n\t\t<\/div>\n\t<\/div>\n\t<div class=\"eduvibe-contact-form-single-item\">\n\t\t<div class=\"eduvibe-contact-form-single-item-content\">\n\t\t\t<p><span class=\"wpcf7-form-control-wrap\" data-name=\"email-349\"><input size=\"40\" maxlength=\"400\" class=\"wpcf7-form-control wpcf7-email wpcf7-validates-as-required wpcf7-text wpcf7-validates-as-email eduvibe-contact-form-field\" aria-required=\"true\" aria-invalid=\"false\" placeholder=\"Email*\" value=\"\" type=\"email\" name=\"email-349\" \/><\/span>\n\t\t\t<\/p>\n\t\t<\/div>\n\t<\/div>\n\t<div class=\"eduvibe-contact-form-single-item\">\n\t\t<div class=\"eduvibe-contact-form-single-item-content\">\n\t\t\t<p><span class=\"wpcf7-form-control-wrap\" data-name=\"text-355\"><input size=\"40\" maxlength=\"400\" class=\"wpcf7-form-control wpcf7-text eduvibe-contact-form-field\" aria-invalid=\"false\" placeholder=\"Telefon Numaras\u0131\" value=\"\" type=\"text\" name=\"text-355\" \/><\/span>\n\t\t\t<\/p>\n\t\t<\/div>\n\t<\/div>\n\t<div class=\"eduvibe-contact-form-single-item\">\n\t\t<div class=\"eduvibe-contact-form-single-item-content\">\n\t\t\t<p><span class=\"wpcf7-form-control-wrap\" data-name=\"text-447\"><input size=\"40\" maxlength=\"400\" class=\"wpcf7-form-control wpcf7-text eduvibe-contact-form-field\" aria-invalid=\"false\" placeholder=\"Konu\" value=\"\" type=\"text\" name=\"text-447\" \/><\/span>\n\t\t\t<\/p>\n\t\t<\/div>\n\t<\/div>\n\t<div class=\"eduvibe-contact-form-single-item\">\n\t\t<div class=\"eduvibe-contact-form-single-item-content eduvibe-contact-form-textarea\">\n\t\t\t<p><span class=\"wpcf7-form-control-wrap\" data-name=\"textarea-865\"><textarea cols=\"40\" rows=\"5\" maxlength=\"2000\" class=\"wpcf7-form-control wpcf7-textarea wpcf7-validates-as-required eduvibe-contact-form-textarea eduvibe-contact-form-field\" aria-required=\"true\" aria-invalid=\"false\" placeholder=\"Mesaj\u0131n\u0131z\" name=\"textarea-865\"><\/textarea><\/span>\n\t\t\t<\/p>\n\t\t<\/div>\n\t<\/div>\n\t<div class=\"eduvibe-contact-form-single-item contact-us-button\">\n\t\t<div class=\"contact-us-button-wrapper\">\n\t\t\t<p><input class=\"wpcf7-form-control wpcf7-submit has-spinner eduvibe-button-with-icon\" type=\"submit\" value=\"G\u00f6nder\" \/>\n\t\t\t<\/p>\n\t\t<\/div>\n\t<\/div>\n<\/div><div class=\"wpcf7-response-output\" aria-hidden=\"true\"><\/div>\n<input type=\"hidden\" name=\"trp-form-language\" value=\"tr\"\/><\/form>\n<\/div>\n<\/div>\t\t\t\t<\/div>\n\t\t\t\t<\/div>\n\t\t\t\t<div class=\"elementor-element elementor-element-3e14569 elementor-widget__width-auto elementor-absolute elementor-hidden-tablet elementor-hidden-mobile elementor-widget elementor-widget-image\" data-id=\"3e14569\" data-element_type=\"widget\" data-settings=\"{&quot;_position&quot;:&quot;absolute&quot;}\" data-widget_type=\"image.default\">\n\t\t\t\t<div class=\"elementor-widget-container\">\n\t\t\t\t\t\t\t\t\t\t\t\t\t\t\t<img decoding=\"async\" width=\"67\" height=\"74\" src=\"https:\/\/englishwithrubi.com\/wp-content\/uploads\/2022\/10\/shape-02-08-2.png\" class=\"attachment-large size-large wp-image-653\" alt=\"\" \/>\t\t\t\t\t\t\t\t\t\t\t\t\t\t\t<\/div>\n\t\t\t\t<\/div>\n\t\t\t\t<div class=\"elementor-element elementor-element-add2192 elementor-widget__width-auto elementor-absolute elementor-hidden-tablet elementor-hidden-mobile elementor-widget elementor-widget-image\" data-id=\"add2192\" data-element_type=\"widget\" data-settings=\"{&quot;_position&quot;:&quot;absolute&quot;}\" data-widget_type=\"image.default\">\n\t\t\t\t<div class=\"elementor-widget-container\">\n\t\t\t\t\t\t\t\t\t\t\t\t\t\t\t<img decoding=\"async\" width=\"54\" height=\"59\" src=\"https:\/\/englishwithrubi.com\/wp-content\/uploads\/2022\/10\/shape-15-2.png\" class=\"attachment-large size-large wp-image-730\" alt=\"\" \/>\t\t\t\t\t\t\t\t\t\t\t\t\t\t\t<\/div>\n\t\t\t\t<\/div>\n\t\t\t\t\t<\/div>\n\t\t<\/div>\n\t\t\t\t\t<\/div>\n\t\t<\/section>\n\t\t\t\t\t<\/div>\n\t\t<\/div>\n\t\t\t\t\t<\/div>\n\t\t<\/section>\n\t\t\t\t<\/div>","protected":false},"excerpt":{"rendered":"<p>NEED HELP? Get In Touch With Us Useful Links www.englishwithrubi.com Sahibinden Advert Send Us A Message On WhatsApp +90 (505)&#8230;<\/p>","protected":false},"author":1,"featured_media":0,"parent":0,"menu_order":0,"comment_status":"closed","ping_status":"closed","template":"","meta":{"_eb_attr":"","footnotes":""},"class_list":["post-4361","page","type-page","status-publish","hentry"],"yoast_head":"<!-- This site is optimized with the Yoast SEO plugin v26.3 - https:\/\/yoast.com\/wordpress\/plugins\/seo\/ -->\n<title>Contact Us - English with Rubi<\/title>\n<meta name=\"robots\" content=\"index, follow, max-snippet:-1, max-image-preview:large, max-video-preview:-1\" \/>\n<link rel=\"canonical\" href=\"https:\/\/englishwithrubi.com\/tr\/contact-us\/\" \/>\n<meta property=\"og:locale\" content=\"tr_TR\" \/>\n<meta property=\"og:type\" content=\"article\" \/>\n<meta property=\"og:title\" content=\"Contact Us - English with Rubi\" \/>\n<meta property=\"og:description\" content=\"NEED HELP? Get In Touch With Us Useful Links www.englishwithrubi.com Sahibinden Advert Send Us A Message On WhatsApp +90 (505)&#8230;\" \/>\n<meta property=\"og:url\" content=\"https:\/\/englishwithrubi.com\/tr\/contact-us\/\" \/>\n<meta property=\"og:site_name\" content=\"English with Rubi\" \/>\n<meta property=\"article:publisher\" content=\"https:\/\/www.facebook.com\/profile.php?id=61553063665265\" \/>\n<meta property=\"article:modified_time\" content=\"2023-12-10T18:16:17+00:00\" \/>\n<meta property=\"og:image\" content=\"http:\/\/englishwithrubi.com\/wp-content\/uploads\/2022\/10\/shape-04-01-2.png\" \/>\n<meta name=\"twitter:card\" content=\"summary_large_image\" \/>\n<script type=\"application\/ld+json\" class=\"yoast-schema-graph\">{\"@context\":\"https:\/\/schema.org\",\"@graph\":[{\"@type\":\"WebPage\",\"@id\":\"https:\/\/englishwithrubi.com\/contact-us\/\",\"url\":\"https:\/\/englishwithrubi.com\/contact-us\/\",\"name\":\"Contact Us - English with Rubi\",\"isPartOf\":{\"@id\":\"https:\/\/englishwithrubi.com\/#website\"},\"primaryImageOfPage\":{\"@id\":\"https:\/\/englishwithrubi.com\/contact-us\/#primaryimage\"},\"image\":{\"@id\":\"https:\/\/englishwithrubi.com\/contact-us\/#primaryimage\"},\"thumbnailUrl\":\"http:\/\/englishwithrubi.com\/wp-content\/uploads\/2022\/10\/shape-04-01-2.png\",\"datePublished\":\"2022-11-06T14:42:08+00:00\",\"dateModified\":\"2023-12-10T18:16:17+00:00\",\"breadcrumb\":{\"@id\":\"https:\/\/englishwithrubi.com\/contact-us\/#breadcrumb\"},\"inLanguage\":\"tr\",\"potentialAction\":[{\"@type\":\"ReadAction\",\"target\":[\"https:\/\/englishwithrubi.com\/contact-us\/\"]}]},{\"@type\":\"ImageObject\",\"inLanguage\":\"tr\",\"@id\":\"https:\/\/englishwithrubi.com\/contact-us\/#primaryimage\",\"url\":\"http:\/\/englishwithrubi.com\/wp-content\/uploads\/2022\/10\/shape-04-01-2.png\",\"contentUrl\":\"http:\/\/englishwithrubi.com\/wp-content\/uploads\/2022\/10\/shape-04-01-2.png\"},{\"@type\":\"BreadcrumbList\",\"@id\":\"https:\/\/englishwithrubi.com\/contact-us\/#breadcrumb\",\"itemListElement\":[{\"@type\":\"ListItem\",\"position\":1,\"name\":\"Home\",\"item\":\"https:\/\/englishwithrubi.com\/en\/\"},{\"@type\":\"ListItem\",\"position\":2,\"name\":\"Contact Us\"}]},{\"@type\":\"WebSite\",\"@id\":\"https:\/\/englishwithrubi.com\/#website\",\"url\":\"https:\/\/englishwithrubi.com\/\",\"name\":\"English with Rubi\",\"description\":\"\",\"publisher\":{\"@id\":\"https:\/\/englishwithrubi.com\/#organization\"},\"potentialAction\":[{\"@type\":\"SearchAction\",\"target\":{\"@type\":\"EntryPoint\",\"urlTemplate\":\"https:\/\/englishwithrubi.com\/?s={search_term_string}\"},\"query-input\":{\"@type\":\"PropertyValueSpecification\",\"valueRequired\":true,\"valueName\":\"search_term_string\"}}],\"inLanguage\":\"tr\"},{\"@type\":\"Organization\",\"@id\":\"https:\/\/englishwithrubi.com\/#organization\",\"name\":\"English with Rubi\",\"url\":\"https:\/\/englishwithrubi.com\/\",\"logo\":{\"@type\":\"ImageObject\",\"inLanguage\":\"tr\",\"@id\":\"https:\/\/englishwithrubi.com\/#\/schema\/logo\/image\/\",\"url\":\"https:\/\/englishwithrubi.com\/wp-content\/uploads\/2023\/04\/Untitled-6.png\",\"contentUrl\":\"https:\/\/englishwithrubi.com\/wp-content\/uploads\/2023\/04\/Untitled-6.png\",\"width\":567,\"height\":144,\"caption\":\"English with Rubi\"},\"image\":{\"@id\":\"https:\/\/englishwithrubi.com\/#\/schema\/logo\/image\/\"},\"sameAs\":[\"https:\/\/www.facebook.com\/profile.php?id=61553063665265\",\"https:\/\/www.instagram.com\/englishwithrubi\/\",\"http:\/\/www.youtube.com\/@EnglishwithRubi\"]}]}<\/script>\n<!-- \/ Yoast SEO plugin. -->","yoast_head_json":{"title":"Contact Us - English with Rubi","robots":{"index":"index","follow":"follow","max-snippet":"max-snippet:-1","max-image-preview":"max-image-preview:large","max-video-preview":"max-video-preview:-1"},"canonical":"https:\/\/englishwithrubi.com\/tr\/contact-us\/","og_locale":"tr_TR","og_type":"article","og_title":"Contact Us - English with Rubi","og_description":"NEED HELP? Get In Touch With Us Useful Links www.englishwithrubi.com Sahibinden Advert Send Us A Message On WhatsApp +90 (505)&#8230;","og_url":"https:\/\/englishwithrubi.com\/tr\/contact-us\/","og_site_name":"English with Rubi","article_publisher":"https:\/\/www.facebook.com\/profile.php?id=61553063665265","article_modified_time":"2023-12-10T18:16:17+00:00","og_image":[{"url":"http:\/\/englishwithrubi.com\/wp-content\/uploads\/2022\/10\/shape-04-01-2.png","type":"","width":"","height":""}],"twitter_card":"summary_large_image","schema":{"@context":"https:\/\/schema.org","@graph":[{"@type":"WebPage","@id":"https:\/\/englishwithrubi.com\/contact-us\/","url":"https:\/\/englishwithrubi.com\/contact-us\/","name":"Contact Us - English with Rubi","isPartOf":{"@id":"https:\/\/englishwithrubi.com\/#website"},"primaryImageOfPage":{"@id":"https:\/\/englishwithrubi.com\/contact-us\/#primaryimage"},"image":{"@id":"https:\/\/englishwithrubi.com\/contact-us\/#primaryimage"},"thumbnailUrl":"http:\/\/englishwithrubi.com\/wp-content\/uploads\/2022\/10\/shape-04-01-2.png","datePublished":"2022-11-06T14:42:08+00:00","dateModified":"2023-12-10T18:16:17+00:00","breadcrumb":{"@id":"https:\/\/englishwithrubi.com\/contact-us\/#breadcrumb"},"inLanguage":"tr","potentialAction":[{"@type":"ReadAction","target":["https:\/\/englishwithrubi.com\/contact-us\/"]}]},{"@type":"ImageObject","inLanguage":"tr","@id":"https:\/\/englishwithrubi.com\/contact-us\/#primaryimage","url":"http:\/\/englishwithrubi.com\/wp-content\/uploads\/2022\/10\/shape-04-01-2.png","contentUrl":"http:\/\/englishwithrubi.com\/wp-content\/uploads\/2022\/10\/shape-04-01-2.png"},{"@type":"BreadcrumbList","@id":"https:\/\/englishwithrubi.com\/contact-us\/#breadcrumb","itemListElement":[{"@type":"ListItem","position":1,"name":"Home","item":"https:\/\/englishwithrubi.com\/en\/"},{"@type":"ListItem","position":2,"name":"Contact Us"}]},{"@type":"WebSite","@id":"https:\/\/englishwithrubi.com\/#website","url":"https:\/\/englishwithrubi.com\/","name":"English with Rubi","description":"","publisher":{"@id":"https:\/\/englishwithrubi.com\/#organization"},"potentialAction":[{"@type":"SearchAction","target":{"@type":"EntryPoint","urlTemplate":"https:\/\/englishwithrubi.com\/?s={search_term_string}"},"query-input":{"@type":"PropertyValueSpecification","valueRequired":true,"valueName":"search_term_string"}}],"inLanguage":"tr"},{"@type":"Organization","@id":"https:\/\/englishwithrubi.com\/#organization","name":"English with Rubi","url":"https:\/\/englishwithrubi.com\/","logo":{"@type":"ImageObject","inLanguage":"tr","@id":"https:\/\/englishwithrubi.com\/#\/schema\/logo\/image\/","url":"https:\/\/englishwithrubi.com\/wp-content\/uploads\/2023\/04\/Untitled-6.png","contentUrl":"https:\/\/englishwithrubi.com\/wp-content\/uploads\/2023\/04\/Untitled-6.png","width":567,"height":144,"caption":"English with Rubi"},"image":{"@id":"https:\/\/englishwithrubi.com\/#\/schema\/logo\/image\/"},"sameAs":["https:\/\/www.facebook.com\/profile.php?id=61553063665265","https:\/\/www.instagram.com\/englishwithrubi\/","http:\/\/www.youtube.com\/@EnglishwithRubi"]}]}},"_links":{"self":[{"href":"https:\/\/englishwithrubi.com\/tr\/wp-json\/wp\/v2\/pages\/4361","targetHints":{"allow":["GET"]}}],"collection":[{"href":"https:\/\/englishwithrubi.com\/tr\/wp-json\/wp\/v2\/pages"}],"about":[{"href":"https:\/\/englishwithrubi.com\/tr\/wp-json\/wp\/v2\/types\/page"}],"author":[{"embeddable":true,"href":"https:\/\/englishwithrubi.com\/tr\/wp-json\/wp\/v2\/users\/1"}],"replies":[{"embeddable":true,"href":"https:\/\/englishwithrubi.com\/tr\/wp-json\/wp\/v2\/comments?post=4361"}],"version-history":[{"count":0,"href":"https:\/\/englishwithrubi.com\/tr\/wp-json\/wp\/v2\/pages\/4361\/revisions"}],"wp:attachment":[{"href":"https:\/\/englishwithrubi.com\/tr\/wp-json\/wp\/v2\/media?parent=4361"}],"curies":[{"name":"wp","href":"https:\/\/api.w.org\/{rel}","templated":true}]}}