{"id":4299,"date":"2022-11-05T12:13:02","date_gmt":"2022-11-05T12:13:02","guid":{"rendered":"https:\/\/themetesting.devsvibe.com\/?page_id=4299"},"modified":"2023-09-07T11:50:34","modified_gmt":"2023-09-07T11:50:34","slug":"faq","status":"publish","type":"page","link":"https:\/\/englishwithrubi.com\/tr\/faq\/","title":{"rendered":"Frequently Asked Questions"},"content":{"rendered":"<div data-elementor-type=\"wp-page\" data-elementor-id=\"4299\" class=\"elementor elementor-4299\" data-elementor-post-type=\"page\">\n\t\t\t\t\t\t<section class=\"elementor-section elementor-top-section elementor-element elementor-element-79709f5 elementor-section-boxed elementor-section-height-default elementor-section-height-default\" data-id=\"79709f5\" data-element_type=\"section\" data-settings=\"{&quot;background_background&quot;:&quot;classic&quot;}\">\n\t\t\t\t\t\t<div class=\"elementor-container elementor-column-gap-extended\">\n\t\t\t\t\t<div class=\"elementor-column elementor-col-100 elementor-top-column elementor-element elementor-element-6ad1269\" data-id=\"6ad1269\" data-element_type=\"column\">\n\t\t\t<div class=\"elementor-widget-wrap elementor-element-populated\">\n\t\t\t\t\t\t<div class=\"elementor-element elementor-element-a0a3c05 elementor-widget__width-initial elementor-invisible elementor-widget elementor-widget-eduvibe-section-title\" data-id=\"a0a3c05\" data-element_type=\"widget\" data-settings=\"{&quot;_animation&quot;:&quot;slide-up&quot;}\" data-widget_type=\"eduvibe-section-title.default\">\n\t\t\t\t<div class=\"elementor-widget-container\">\n\t\t\t\t\t<div class=\"section-title\"><span class=\"pre-title\">SIK\u00c7A SORULAN SORULAR<\/span><h3 class=\"title\">Size Yard\u0131mc\u0131 Olabiliriz<\/h3><\/div>\t\t\t\t<\/div>\n\t\t\t\t<\/div>\n\t\t\t\t<div class=\"elementor-element elementor-element-b7f8e2c elementor-invisible elementor-widget elementor-widget-eduvibe-tabs\" data-id=\"b7f8e2c\" data-element_type=\"widget\" data-settings=\"{&quot;_animation&quot;:&quot;slide-up&quot;,&quot;_animation_delay&quot;:300}\" data-widget_type=\"eduvibe-tabs.default\">\n\t\t\t\t<div class=\"elementor-widget-container\">\n\t\t\t\t\t<div class=\"eduvibe-tabs-wrapper eduvibe-tabs-style-style-two eduvibe-tabs-title-position-default\"><div class=\"eduvibe-tabs-title\"><ul class=\"eduvibe-tabs-title-wrapper\"><li class=\"eduvibe-tab-title\"><a class=\"eduvibe-tab-title-heading\">Online Ders<\/a><\/li><li class=\"eduvibe-tab-title\"><a class=\"eduvibe-tab-title-heading\">Genel<\/a><\/li><li class=\"eduvibe-tab-title\"><a class=\"eduvibe-tab-title-heading\">\u00d6deme<\/a><\/li><\/ul><\/div><div class=\"eduvibe-tabs-content-wrapper\"><div class=\"eduvibe-tab-content eduvibe-fade\">\t\t<div data-elementor-type=\"section\" data-elementor-id=\"4324\" class=\"elementor elementor-4324\" data-elementor-post-type=\"elementor_library\">\n\t\t\t\t\t<section class=\"elementor-section elementor-top-section elementor-element elementor-element-9a3818d elementor-section-boxed elementor-section-height-default elementor-section-height-default\" data-id=\"9a3818d\" data-element_type=\"section\">\n\t\t\t\t\t\t<div class=\"elementor-container elementor-column-gap-no\">\n\t\t\t\t\t<div class=\"elementor-column elementor-col-50 elementor-top-column elementor-element elementor-element-e314420\" data-id=\"e314420\" data-element_type=\"column\">\n\t\t\t<div class=\"elementor-widget-wrap elementor-element-populated\">\n\t\t\t\t\t\t<div class=\"elementor-element elementor-element-2290458 elementor-widget elementor-widget-eduvibe-accordion\" data-id=\"2290458\" data-element_type=\"widget\" data-widget_type=\"eduvibe-accordion.default\">\n\t\t\t\t<div class=\"elementor-widget-container\">\n\t\t\t\t\t        <div class=\"edu-accordion accordion-style-1\">\n                            <div class=\"edu-accordion-item default-active\">\n                    <div class=\"edu-accordion-header default-active\">\n                        <h1 class=\"edu-accordion-title\">\n                            Ders s\u00fcresi ne kadar?                        <\/h1>\n                    <\/div>\n                    <div class=\"edu-accordion-content\">\n                        <div class=\"edu-accordion-body default-active\">\n                            <p>Her ders 50 dakika s\u00fcrmektedir. Ayr\u0131ca 2 blok ders yapma \u015fans\u0131n\u0131z da bulunmaktad\u0131r.<\/p>                        <\/div>\n                    <\/div>\n                <\/div>\n                            <div class=\"edu-accordion-item\">\n                    <div class=\"edu-accordion-header\">\n                        <h1 class=\"edu-accordion-title\">\n                            Ka\u00e7 derse ihtiyac\u0131m var?                        <\/h1>\n                    <\/div>\n                    <div class=\"edu-accordion-content\">\n                        <div class=\"edu-accordion-body\">\n                            <p>Her dil seviyesinin \u00f6nerilen haftal\u0131k ders say\u0131s\u0131 farkl\u0131d\u0131r. Giri\u015f seviye \u0130ngilizce \u00f6\u011frencilerinin haftal\u0131k en az 4 ders ile ba\u015flamalar\u0131n\u0131 \u00f6neriyoruz.<\/p>                        <\/div>\n                    <\/div>\n                <\/div>\n                            <div class=\"edu-accordion-item\">\n                    <div class=\"edu-accordion-header\">\n                        <h1 class=\"edu-accordion-title\">\n                            Hangi materyallere ihtiyac\u0131m var?                        <\/h1>\n                    <\/div>\n                    <div class=\"edu-accordion-content\">\n                        <div class=\"edu-accordion-body\">\n                            <p>Derslere kat\u0131lmak i\u00e7in bir cihaza ihtiyac\u0131n\u0131z var. Discord'a ba\u011flanmak i\u00e7in bir bilgisayar veya mobil bir cihaz kullanabilirsiniz. T\u00fcm ders materyalleri bizim taraf\u0131m\u0131zdan size iletilecektir.<\/p>                        <\/div>\n                    <\/div>\n                <\/div>\n                    <\/div>\n\t\t\t\t\t<\/div>\n\t\t\t\t<\/div>\n\t\t\t\t\t<\/div>\n\t\t<\/div>\n\t\t\t\t<div class=\"elementor-column elementor-col-50 elementor-top-column elementor-element elementor-element-0c11375\" data-id=\"0c11375\" data-element_type=\"column\">\n\t\t\t<div class=\"elementor-widget-wrap elementor-element-populated\">\n\t\t\t\t\t\t<div class=\"elementor-element elementor-element-c08dddd elementor-widget elementor-widget-eduvibe-accordion\" data-id=\"c08dddd\" data-element_type=\"widget\" data-widget_type=\"eduvibe-accordion.default\">\n\t\t\t\t<div class=\"elementor-widget-container\">\n\t\t\t\t\t        <div class=\"edu-accordion accordion-style-1\">\n                            <div class=\"edu-accordion-item default-active\">\n                    <div class=\"edu-accordion-header default-active\">\n                        <h1 class=\"edu-accordion-title\">\n                            \u00d6\u011fretmenim bana \u00f6dev verecek mi?                        <\/h1>\n                    <\/div>\n                    <div class=\"edu-accordion-content\">\n                        <div class=\"edu-accordion-body default-active\">\n                            <p>\u0130ngilizceyi daha iyi anlamak i\u00e7in \u00f6\u011frencilerin d\u00fczenli olarak pratik yapmas\u0131n\u0131 \u015fiddetle tavsiye ediyoruz. \u00d6nerilerimiz \u00e7o\u011fu zaman e\u011flenceli ve \u00f6\u011frencinin ilgileri ile uyumludur.<\/p>                        <\/div>\n                    <\/div>\n                <\/div>\n                            <div class=\"edu-accordion-item\">\n                    <div class=\"edu-accordion-header\">\n                        <h1 class=\"edu-accordion-title\">\n                            \u00d6zel \u0130ngilizce dersleri ki\u015fiye \u00f6zel mi?                        <\/h1>\n                    <\/div>\n                    <div class=\"edu-accordion-content\">\n                        <div class=\"edu-accordion-body\">\n                            <p>Evet! Her \u00f6\u011frenci e\u015fsizdir ve \u00f6zel bir ilgiyi hak eder. Bu nedenle \u00f6\u011frencilerin dil seviyesini \u00f6l\u00e7er, ihtiya\u00e7lar\u0131n\u0131 belirler ve ona uygun bir ders program\u0131 planlar\u0131z.<\/p>                        <\/div>\n                    <\/div>\n                <\/div>\n                            <div class=\"edu-accordion-item\">\n                    <div class=\"edu-accordion-header\">\n                        <h1 class=\"edu-accordion-title\">\n                            Hangi metotlar\u0131 kullan\u0131yorsunuz?                        <\/h1>\n                    <\/div>\n                    <div class=\"edu-accordion-content\">\n                        <div class=\"edu-accordion-body\">\n                                                    <\/div>\n                    <\/div>\n                <\/div>\n                    <\/div>\n\t\t\t\t\t<\/div>\n\t\t\t\t<\/div>\n\t\t\t\t\t<\/div>\n\t\t<\/div>\n\t\t\t\t\t<\/div>\n\t\t<\/section>\n\t\t\t\t<\/div>\n\t\t<\/div><div class=\"eduvibe-tab-content eduvibe-fade\">\t\t<div data-elementor-type=\"section\" data-elementor-id=\"4333\" class=\"elementor elementor-4333\" data-elementor-post-type=\"elementor_library\">\n\t\t\t\t\t<section class=\"elementor-section elementor-top-section elementor-element elementor-element-7eb6926 elementor-section-boxed elementor-section-height-default elementor-section-height-default\" data-id=\"7eb6926\" data-element_type=\"section\">\n\t\t\t\t\t\t<div class=\"elementor-container elementor-column-gap-no\">\n\t\t\t\t\t<div class=\"elementor-column elementor-col-50 elementor-top-column elementor-element elementor-element-5569782\" data-id=\"5569782\" data-element_type=\"column\">\n\t\t\t<div class=\"elementor-widget-wrap elementor-element-populated\">\n\t\t\t\t\t\t<div class=\"elementor-element elementor-element-c2bbfdd elementor-widget elementor-widget-eduvibe-accordion\" data-id=\"c2bbfdd\" data-element_type=\"widget\" data-widget_type=\"eduvibe-accordion.default\">\n\t\t\t\t<div class=\"elementor-widget-container\">\n\t\t\t\t\t        <div class=\"edu-accordion accordion-style-1\">\n                            <div class=\"edu-accordion-item default-active\">\n                    <div class=\"edu-accordion-header default-active\">\n                        <h1 class=\"edu-accordion-title\">\n                            Derse ge\u00e7 kal\u0131rsam ne olur?                        <\/h1>\n                    <\/div>\n                    <div class=\"edu-accordion-content\">\n                        <div class=\"edu-accordion-body default-active\">\n                            <p>Ders saatinden 5 dakika \u00f6nce kat\u0131lman\u0131z\u0131 \u00f6neriyoruz. 12 saat \u00f6ncesine kadar bildirilen iptallerde \u00fccretsiz telafi dersi imkan\u0131 sunuyoruz.<\/p>                        <\/div>\n                    <\/div>\n                <\/div>\n                            <div class=\"edu-accordion-item\">\n                    <div class=\"edu-accordion-header\">\n                        <h1 class=\"edu-accordion-title\">\n                            Dersler i\u00e7in hangi uygulamay\u0131 kullan\u0131yorsunuz?                        <\/h1>\n                    <\/div>\n                    <div class=\"edu-accordion-content\">\n                        <div class=\"edu-accordion-body\">\n                            <p>Ders s\u0131ras\u0131nda kesintisiz bir ders deneyimi ve y\u00fcksek kaliteli ba\u011flant\u0131 i\u00e7in yaln\u0131zca Discord kullan\u0131yoruz.\u00a0<\/p>                        <\/div>\n                    <\/div>\n                <\/div>\n                            <div class=\"edu-accordion-item\">\n                    <div class=\"edu-accordion-header\">\n                        <h1 class=\"edu-accordion-title\">\n                            Ders materyallerine daha sonra eri\u015febilir miyim?                        <\/h1>\n                    <\/div>\n                    <div class=\"edu-accordion-content\">\n                        <div class=\"edu-accordion-body\">\n                            <p>Evet! T\u00fcm ders materyallerine kursu tamamlad\u0131ktan sonra bile eri\u015febilirsiniz. Materyalleri Discord'da bulabilirsiniz.<\/p>                        <\/div>\n                    <\/div>\n                <\/div>\n                    <\/div>\n\t\t\t\t\t<\/div>\n\t\t\t\t<\/div>\n\t\t\t\t\t<\/div>\n\t\t<\/div>\n\t\t\t\t<div class=\"elementor-column elementor-col-50 elementor-top-column elementor-element elementor-element-44887da\" data-id=\"44887da\" data-element_type=\"column\">\n\t\t\t<div class=\"elementor-widget-wrap elementor-element-populated\">\n\t\t\t\t\t\t<div class=\"elementor-element elementor-element-848ba20 elementor-widget elementor-widget-eduvibe-accordion\" data-id=\"848ba20\" data-element_type=\"widget\" data-widget_type=\"eduvibe-accordion.default\">\n\t\t\t\t<div class=\"elementor-widget-container\">\n\t\t\t\t\t        <div class=\"edu-accordion accordion-style-1\">\n                            <div class=\"edu-accordion-item default-active\">\n                    <div class=\"edu-accordion-header default-active\">\n                        <h1 class=\"edu-accordion-title\">\n                            Ders \u00fccretleri ne kadar?                        <\/h1>\n                    <\/div>\n                    <div class=\"edu-accordion-content\">\n                        <div class=\"edu-accordion-body default-active\">\n                            <p>Her \u00f6\u011frenci i\u00e7in \u00f6zel kar\u015f\u0131lama \u00fccreti bir ders i\u00e7in 200 TL'dir. Daha sonra \u00f6\u011frencinin se\u00e7ti\u011fi plana g\u00f6re ders \u00fccreti de\u011fi\u015fmektedir.<\/p>                        <\/div>\n                    <\/div>\n                <\/div>\n                            <div class=\"edu-accordion-item\">\n                    <div class=\"edu-accordion-header\">\n                        <h1 class=\"edu-accordion-title\">\n                            Hafatl\u0131k ders say\u0131s\u0131n\u0131 de\u011fi\u015ftirebilir miyim?                        <\/h1>\n                    <\/div>\n                    <div class=\"edu-accordion-content\">\n                        <div class=\"edu-accordion-body\">\n                            <p>Evet, aboneli\u011finizi yenilerken bize haber vermeniz yeterli.<\/p>                        <\/div>\n                    <\/div>\n                <\/div>\n                            <div class=\"edu-accordion-item\">\n                    <div class=\"edu-accordion-header\">\n                        <h1 class=\"edu-accordion-title\">\n                            Ders g\u00fcn\u00fcn\u00fc veya saatini nas\u0131l de\u011fi\u015ftirebilirim?                        <\/h1>\n                    <\/div>\n                    <div class=\"edu-accordion-content\">\n                        <div class=\"edu-accordion-body\">\n                            <p>\u00d6\u011frenciler ders program\u0131n\u0131 de\u011fi\u015ftirmekte \u00f6zg\u00fcrlerdir. Ders g\u00fcn ve saatlerini d\u00fczenlemek i\u00e7in bize ula\u015fabilirsiniz.<\/p>                        <\/div>\n                    <\/div>\n                <\/div>\n                    <\/div>\n\t\t\t\t\t<\/div>\n\t\t\t\t<\/div>\n\t\t\t\t\t<\/div>\n\t\t<\/div>\n\t\t\t\t\t<\/div>\n\t\t<\/section>\n\t\t\t\t<\/div>\n\t\t<\/div><div class=\"eduvibe-tab-content eduvibe-fade\">\t\t<div data-elementor-type=\"section\" data-elementor-id=\"4332\" class=\"elementor elementor-4332\" data-elementor-post-type=\"elementor_library\">\n\t\t\t\t\t<section class=\"elementor-section elementor-top-section elementor-element elementor-element-9db97f7 elementor-section-boxed elementor-section-height-default elementor-section-height-default\" data-id=\"9db97f7\" data-element_type=\"section\">\n\t\t\t\t\t\t<div class=\"elementor-container elementor-column-gap-no\">\n\t\t\t\t\t<div class=\"elementor-column elementor-col-50 elementor-top-column elementor-element elementor-element-76786f8\" data-id=\"76786f8\" data-element_type=\"column\">\n\t\t\t<div class=\"elementor-widget-wrap elementor-element-populated\">\n\t\t\t\t\t\t<div class=\"elementor-element elementor-element-add06a8 elementor-widget elementor-widget-eduvibe-accordion\" data-id=\"add06a8\" data-element_type=\"widget\" data-widget_type=\"eduvibe-accordion.default\">\n\t\t\t\t<div class=\"elementor-widget-container\">\n\t\t\t\t\t        <div class=\"edu-accordion accordion-style-1\">\n                            <div class=\"edu-accordion-item default-active\">\n                    <div class=\"edu-accordion-header default-active\">\n                        <h1 class=\"edu-accordion-title\">\n                            \u00d6demeleri nas\u0131l yapabilirim?                        <\/h1>\n                    <\/div>\n                    <div class=\"edu-accordion-content\">\n                        <div class=\"edu-accordion-body default-active\">\n                                                    <\/div>\n                    <\/div>\n                <\/div>\n                            <div class=\"edu-accordion-item\">\n                    <div class=\"edu-accordion-header\">\n                        <h1 class=\"edu-accordion-title\">\n                            \u0130lk g\u00f6r\u00fc\u015fmeler \u00fccretsiz mi?                        <\/h1>\n                    <\/div>\n                    <div class=\"edu-accordion-content\">\n                        <div class=\"edu-accordion-body\">\n                                                    <\/div>\n                    <\/div>\n                <\/div>\n                    <\/div>\n\t\t\t\t\t<\/div>\n\t\t\t\t<\/div>\n\t\t\t\t\t<\/div>\n\t\t<\/div>\n\t\t\t\t<div class=\"elementor-column elementor-col-50 elementor-top-column elementor-element elementor-element-cc55162\" data-id=\"cc55162\" data-element_type=\"column\">\n\t\t\t<div class=\"elementor-widget-wrap elementor-element-populated\">\n\t\t\t\t\t\t<div class=\"elementor-element elementor-element-cd810b5 elementor-widget elementor-widget-eduvibe-accordion\" data-id=\"cd810b5\" data-element_type=\"widget\" data-widget_type=\"eduvibe-accordion.default\">\n\t\t\t\t<div class=\"elementor-widget-container\">\n\t\t\t\t\t        <div class=\"edu-accordion accordion-style-1\">\n                            <div class=\"edu-accordion-item default-active\">\n                    <div class=\"edu-accordion-header default-active\">\n                        <h1 class=\"edu-accordion-title\">\n                            Abonelik nas\u0131l \u00e7al\u0131\u015f\u0131yor?                        <\/h1>\n                    <\/div>\n                    <div class=\"edu-accordion-content\">\n                        <div class=\"edu-accordion-body default-active\">\n                                                    <\/div>\n                    <\/div>\n                <\/div>\n                    <\/div>\n\t\t\t\t\t<\/div>\n\t\t\t\t<\/div>\n\t\t\t\t\t<\/div>\n\t\t<\/div>\n\t\t\t\t\t<\/div>\n\t\t<\/section>\n\t\t\t\t<\/div>\n\t\t<\/div><\/div><\/div>\t\t\t\t<\/div>\n\t\t\t\t<\/div>\n\t\t\t\t\t<\/div>\n\t\t<\/div>\n\t\t\t\t\t<\/div>\n\t\t<\/section>\n\t\t\t\t<\/div>","protected":false},"excerpt":{"rendered":"<p>FREQUENTLY ASKED QUESTIONS How can we help you? Online Lesson General Payment How long are lessons? Every lesson takes 50&#8230;<\/p>","protected":false},"author":1,"featured_media":0,"parent":0,"menu_order":0,"comment_status":"closed","ping_status":"closed","template":"","meta":{"_eb_attr":"","footnotes":""},"class_list":["post-4299","page","type-page","status-publish","hentry"],"yoast_head":"<!-- This site is optimized with the Yoast SEO plugin v26.3 - https:\/\/yoast.com\/wordpress\/plugins\/seo\/ -->\n<title>Frequently Asked Questions - English with Rubi<\/title>\n<meta name=\"robots\" content=\"index, follow, max-snippet:-1, max-image-preview:large, max-video-preview:-1\" \/>\n<link rel=\"canonical\" href=\"https:\/\/englishwithrubi.com\/tr\/faq\/\" \/>\n<meta property=\"og:locale\" content=\"tr_TR\" \/>\n<meta property=\"og:type\" content=\"article\" \/>\n<meta property=\"og:title\" content=\"Frequently Asked Questions - English with Rubi\" \/>\n<meta property=\"og:description\" content=\"FREQUENTLY ASKED QUESTIONS How can we help you? Online Lesson General Payment How long are lessons? Every lesson takes 50&#8230;\" \/>\n<meta property=\"og:url\" content=\"https:\/\/englishwithrubi.com\/tr\/faq\/\" \/>\n<meta property=\"og:site_name\" content=\"English with Rubi\" \/>\n<meta property=\"article:publisher\" content=\"https:\/\/www.facebook.com\/profile.php?id=61553063665265\" \/>\n<meta property=\"article:modified_time\" content=\"2023-09-07T11:50:34+00:00\" \/>\n<meta name=\"twitter:card\" content=\"summary_large_image\" \/>\n<meta name=\"twitter:label1\" content=\"Tahmini okuma s\u00fcresi\" \/>\n\t<meta name=\"twitter:data1\" content=\"2 dakika\" \/>\n<script type=\"application\/ld+json\" class=\"yoast-schema-graph\">{\"@context\":\"https:\/\/schema.org\",\"@graph\":[{\"@type\":\"WebPage\",\"@id\":\"https:\/\/englishwithrubi.com\/faq\/\",\"url\":\"https:\/\/englishwithrubi.com\/faq\/\",\"name\":\"Frequently Asked Questions - English with Rubi\",\"isPartOf\":{\"@id\":\"https:\/\/englishwithrubi.com\/#website\"},\"datePublished\":\"2022-11-05T12:13:02+00:00\",\"dateModified\":\"2023-09-07T11:50:34+00:00\",\"breadcrumb\":{\"@id\":\"https:\/\/englishwithrubi.com\/faq\/#breadcrumb\"},\"inLanguage\":\"tr\",\"potentialAction\":[{\"@type\":\"ReadAction\",\"target\":[\"https:\/\/englishwithrubi.com\/faq\/\"]}]},{\"@type\":\"BreadcrumbList\",\"@id\":\"https:\/\/englishwithrubi.com\/faq\/#breadcrumb\",\"itemListElement\":[{\"@type\":\"ListItem\",\"position\":1,\"name\":\"Home\",\"item\":\"https:\/\/englishwithrubi.com\/en\/\"},{\"@type\":\"ListItem\",\"position\":2,\"name\":\"Frequently Asked Questions\"}]},{\"@type\":\"WebSite\",\"@id\":\"https:\/\/englishwithrubi.com\/#website\",\"url\":\"https:\/\/englishwithrubi.com\/\",\"name\":\"English with Rubi\",\"description\":\"\",\"publisher\":{\"@id\":\"https:\/\/englishwithrubi.com\/#organization\"},\"potentialAction\":[{\"@type\":\"SearchAction\",\"target\":{\"@type\":\"EntryPoint\",\"urlTemplate\":\"https:\/\/englishwithrubi.com\/?s={search_term_string}\"},\"query-input\":{\"@type\":\"PropertyValueSpecification\",\"valueRequired\":true,\"valueName\":\"search_term_string\"}}],\"inLanguage\":\"tr\"},{\"@type\":\"Organization\",\"@id\":\"https:\/\/englishwithrubi.com\/#organization\",\"name\":\"English with Rubi\",\"url\":\"https:\/\/englishwithrubi.com\/\",\"logo\":{\"@type\":\"ImageObject\",\"inLanguage\":\"tr\",\"@id\":\"https:\/\/englishwithrubi.com\/#\/schema\/logo\/image\/\",\"url\":\"https:\/\/englishwithrubi.com\/wp-content\/uploads\/2023\/04\/Untitled-6.png\",\"contentUrl\":\"https:\/\/englishwithrubi.com\/wp-content\/uploads\/2023\/04\/Untitled-6.png\",\"width\":567,\"height\":144,\"caption\":\"English with Rubi\"},\"image\":{\"@id\":\"https:\/\/englishwithrubi.com\/#\/schema\/logo\/image\/\"},\"sameAs\":[\"https:\/\/www.facebook.com\/profile.php?id=61553063665265\",\"https:\/\/www.instagram.com\/englishwithrubi\/\",\"http:\/\/www.youtube.com\/@EnglishwithRubi\"]}]}<\/script>\n<!-- \/ Yoast SEO plugin. -->","yoast_head_json":{"title":"Frequently Asked Questions - English with Rubi","robots":{"index":"index","follow":"follow","max-snippet":"max-snippet:-1","max-image-preview":"max-image-preview:large","max-video-preview":"max-video-preview:-1"},"canonical":"https:\/\/englishwithrubi.com\/tr\/faq\/","og_locale":"tr_TR","og_type":"article","og_title":"Frequently Asked Questions - English with Rubi","og_description":"FREQUENTLY ASKED QUESTIONS How can we help you? Online Lesson General Payment How long are lessons? Every lesson takes 50&#8230;","og_url":"https:\/\/englishwithrubi.com\/tr\/faq\/","og_site_name":"English with Rubi","article_publisher":"https:\/\/www.facebook.com\/profile.php?id=61553063665265","article_modified_time":"2023-09-07T11:50:34+00:00","twitter_card":"summary_large_image","twitter_misc":{"Tahmini okuma s\u00fcresi":"2 dakika"},"schema":{"@context":"https:\/\/schema.org","@graph":[{"@type":"WebPage","@id":"https:\/\/englishwithrubi.com\/faq\/","url":"https:\/\/englishwithrubi.com\/faq\/","name":"Frequently Asked Questions - English with Rubi","isPartOf":{"@id":"https:\/\/englishwithrubi.com\/#website"},"datePublished":"2022-11-05T12:13:02+00:00","dateModified":"2023-09-07T11:50:34+00:00","breadcrumb":{"@id":"https:\/\/englishwithrubi.com\/faq\/#breadcrumb"},"inLanguage":"tr","potentialAction":[{"@type":"ReadAction","target":["https:\/\/englishwithrubi.com\/faq\/"]}]},{"@type":"BreadcrumbList","@id":"https:\/\/englishwithrubi.com\/faq\/#breadcrumb","itemListElement":[{"@type":"ListItem","position":1,"name":"Home","item":"https:\/\/englishwithrubi.com\/en\/"},{"@type":"ListItem","position":2,"name":"Frequently Asked Questions"}]},{"@type":"WebSite","@id":"https:\/\/englishwithrubi.com\/#website","url":"https:\/\/englishwithrubi.com\/","name":"English with Rubi","description":"","publisher":{"@id":"https:\/\/englishwithrubi.com\/#organization"},"potentialAction":[{"@type":"SearchAction","target":{"@type":"EntryPoint","urlTemplate":"https:\/\/englishwithrubi.com\/?s={search_term_string}"},"query-input":{"@type":"PropertyValueSpecification","valueRequired":true,"valueName":"search_term_string"}}],"inLanguage":"tr"},{"@type":"Organization","@id":"https:\/\/englishwithrubi.com\/#organization","name":"English with Rubi","url":"https:\/\/englishwithrubi.com\/","logo":{"@type":"ImageObject","inLanguage":"tr","@id":"https:\/\/englishwithrubi.com\/#\/schema\/logo\/image\/","url":"https:\/\/englishwithrubi.com\/wp-content\/uploads\/2023\/04\/Untitled-6.png","contentUrl":"https:\/\/englishwithrubi.com\/wp-content\/uploads\/2023\/04\/Untitled-6.png","width":567,"height":144,"caption":"English with Rubi"},"image":{"@id":"https:\/\/englishwithrubi.com\/#\/schema\/logo\/image\/"},"sameAs":["https:\/\/www.facebook.com\/profile.php?id=61553063665265","https:\/\/www.instagram.com\/englishwithrubi\/","http:\/\/www.youtube.com\/@EnglishwithRubi"]}]}},"_links":{"self":[{"href":"https:\/\/englishwithrubi.com\/tr\/wp-json\/wp\/v2\/pages\/4299","targetHints":{"allow":["GET"]}}],"collection":[{"href":"https:\/\/englishwithrubi.com\/tr\/wp-json\/wp\/v2\/pages"}],"about":[{"href":"https:\/\/englishwithrubi.com\/tr\/wp-json\/wp\/v2\/types\/page"}],"author":[{"embeddable":true,"href":"https:\/\/englishwithrubi.com\/tr\/wp-json\/wp\/v2\/users\/1"}],"replies":[{"embeddable":true,"href":"https:\/\/englishwithrubi.com\/tr\/wp-json\/wp\/v2\/comments?post=4299"}],"version-history":[{"count":0,"href":"https:\/\/englishwithrubi.com\/tr\/wp-json\/wp\/v2\/pages\/4299\/revisions"}],"wp:attachment":[{"href":"https:\/\/englishwithrubi.com\/tr\/wp-json\/wp\/v2\/media?parent=4299"}],"curies":[{"name":"wp","href":"https:\/\/api.w.org\/{rel}","templated":true}]}}