{"id":7952,"date":"2023-02-28T13:38:24","date_gmt":"2023-02-28T13:38:24","guid":{"rendered":"https:\/\/eduvibe.devsvibe.com\/main\/?page_id=7952"},"modified":"2023-02-28T13:38:24","modified_gmt":"2023-02-28T13:38:24","slug":"blog-carousel","status":"publish","type":"page","link":"https:\/\/englishwithrubi.com\/en\/blog-carousel\/","title":{"rendered":"Blog Carousel"},"content":{"rendered":"\t\t<div data-elementor-type=\"wp-page\" data-elementor-id=\"7952\" class=\"elementor elementor-7952\" data-elementor-post-type=\"page\">\n\t\t\t\t\t\t<section class=\"elementor-section elementor-top-section elementor-element elementor-element-276d591 elementor-section-boxed elementor-section-height-default elementor-section-height-default\" data-id=\"276d591\" data-element_type=\"section\">\n\t\t\t\t\t\t<div class=\"elementor-container elementor-column-gap-extended\">\n\t\t\t\t\t<div class=\"elementor-column elementor-col-100 elementor-top-column elementor-element elementor-element-8528eaa\" data-id=\"8528eaa\" data-element_type=\"column\">\n\t\t\t<div class=\"elementor-widget-wrap elementor-element-populated\">\n\t\t\t\t\t\t<div class=\"elementor-element elementor-element-79bd55b elementor-invisible elementor-widget elementor-widget-eduvibe-section-title\" data-id=\"79bd55b\" data-element_type=\"widget\" data-settings=\"{&quot;_animation&quot;:&quot;slide-up&quot;}\" data-widget_type=\"eduvibe-section-title.default\">\n\t\t\t\t<div class=\"elementor-widget-container\">\n\t\t\t\t\t<div class=\"section-title\"><span class=\"pre-title\">LATEST FROM NEWS<\/span><h3 class=\"title\">Get Our Every News &amp; Blog<\/h3><\/div>\t\t\t\t<\/div>\n\t\t\t\t<\/div>\n\t\t\t\t<div class=\"elementor-element elementor-element-a5f6933 elementor-widget elementor-widget-eduvibe-post-one\" data-id=\"a5f6933\" data-element_type=\"widget\" data-widget_type=\"eduvibe-post-one.default\">\n\t\t\t\t<div class=\"elementor-widget-container\">\n\t\t\t\t\t<div class=\"eduvibe-blog-post eduvibe-post-one-wrapper eduvibe-post-one-style-2 eduvibe-post-one-slider eduvibe-slider-item\" data-slidestoshow=\"3\" data-tablet-items=\"2\" data-mobile-items=\"1\" data-small-mobile-items=\"1\" data-slidestoscroll=\"2\" data-speed=\"2000\" data-navigation=\"dots\" data-direction=\"false\" data-autoplay=\"true\" data-autoplayspeed=\"5000\" data-loop=\"true\"><div class=\"eduvibe-post-one-single-slider\"><div class=\"edu-blog eduvibe-blog-post-1 variation-2 radius-small\"><div class=\"inner\"><div class=\"thumbnail\"><a href=\"https:\/\/englishwithrubi.com\/en\/new-fossils-in-morocco-may-be-our-oldest-ancestors\/\"><img decoding=\"async\" src=\"https:\/\/englishwithrubi.com\/wp-content\/uploads\/2026\/01\/cnn-L19jb21wb25lbnRzL2ltYWdlL2luc3RhbmNlcy9jbWs0MmU5NTAwMDA5MzU2cHY0em53Z2Nz-L19jb21wb25lbnRzL2FydGljbGUvaW5zdGFuY2VzL2NtazQyY2M0cjAwMnoyNnBiZGw5YTZpZHI-590x430.jpg\" alt=\"cnn-L19jb21wb25lbnRzL2ltYWdlL2luc3RhbmNlcy9jbWs0MmU5NTAwMDA5MzU2cHY0em53Z2Nz-L19jb21wb25lbnRzL2FydGljbGUvaW5zdGFuY2VzL2NtazQyY2M0cjAwMnoyNnBiZGw5YTZpZHI\" \/><\/a><\/div><div class=\"content\"><div class=\"blog-date-status\"><span class=\"day\">09<\/span> <span class=\"month\">Jan<\/span><\/div><div class=\"status-style-5\"><span class=\"eduvibe-status status-05\"><i class=\"icon-price-tag-3-line\"><\/i><a href=\"https:\/\/englishwithrubi.com\/en\/category\/b1\/\">B1<\/a><\/span> <span class=\"eduvibe-status status-05\"><i class=\"icon-time-line\"><\/i> 1 Min Read<\/span><\/div><h5 class=\"title\"><a href=\"https:\/\/englishwithrubi.com\/en\/new-fossils-in-morocco-may-be-our-oldest-ancestors\/\" class=\"post-link\">New Fossils in Morocco May Be Our Oldest Ancestors<\/a><\/h5><\/div><\/div><\/div><\/div><div class=\"eduvibe-post-one-single-slider\"><div class=\"edu-blog eduvibe-blog-post-1 variation-2 radius-small\"><div class=\"inner\"><div class=\"thumbnail\"><a href=\"https:\/\/englishwithrubi.com\/en\/ingilizce-ogrenirken-tikandiniz-mi-bir-ogretmen-ile-calisma-vakti-geldigini-gosteren-5-isaret\/\"><img decoding=\"async\" src=\"https:\/\/englishwithrubi.com\/wp-content\/uploads\/2025\/11\/Stressed-millennial-guy-studying-before-college-exams-590x430.jpg\" alt=\"Stressed millennial guy studying before college exams\" \/><\/a><\/div><div class=\"content\"><div class=\"blog-date-status\"><span class=\"day\">12<\/span> <span class=\"month\">Nov<\/span><\/div><div class=\"status-style-5\"><span class=\"eduvibe-status status-05\"><i class=\"icon-price-tag-3-line\"><\/i><a href=\"https:\/\/englishwithrubi.com\/en\/category\/news\/\">News<\/a><\/span> <span class=\"eduvibe-status status-05\"><i class=\"icon-time-line\"><\/i> 8 Mins Read<\/span><\/div><h5 class=\"title\"><a href=\"https:\/\/englishwithrubi.com\/en\/ingilizce-ogrenirken-tikandiniz-mi-bir-ogretmen-ile-calisma-vakti-geldigini-gosteren-5-isaret\/\" class=\"post-link\">\u0130ngilizce \u00d6\u011frenirken T\u0131kand\u0131n\u0131z M\u0131? Bir \u00d6\u011fretmen ile \u00c7al\u0131\u015fma Vakti Geldi\u011fini G\u00f6steren 5 \u0130\u015faret<\/a><\/h5><\/div><\/div><\/div><\/div><div class=\"eduvibe-post-one-single-slider\"><div class=\"edu-blog eduvibe-blog-post-1 variation-2 radius-small\"><div class=\"inner\"><div class=\"thumbnail\"><a href=\"https:\/\/englishwithrubi.com\/en\/ingilizce-mulakatta-akici-konusmanin-sirlari\/\"><img decoding=\"async\" src=\"https:\/\/englishwithrubi.com\/wp-content\/uploads\/2025\/11\/7566-590x430.jpg\" alt=\"Job interview conversation\" \/><\/a><\/div><div class=\"content\"><div class=\"blog-date-status\"><span class=\"day\">07<\/span> <span class=\"month\">Nov<\/span><\/div><div class=\"status-style-5\"><span class=\"eduvibe-status status-05\"><i class=\"icon-price-tag-3-line\"><\/i><a href=\"https:\/\/englishwithrubi.com\/en\/category\/news\/\">News<\/a><\/span> <span class=\"eduvibe-status status-05\"><i class=\"icon-time-line\"><\/i> 5 Mins Read<\/span><\/div><h5 class=\"title\"><a href=\"https:\/\/englishwithrubi.com\/en\/ingilizce-mulakatta-akici-konusmanin-sirlari\/\" class=\"post-link\">\u0130ngilizce M\u00fclakatta Ak\u0131c\u0131 Konu\u015fman\u0131n S\u0131rlar\u0131<\/a><\/h5><\/div><\/div><\/div><\/div><div class=\"eduvibe-post-one-single-slider\"><div class=\"edu-blog eduvibe-blog-post-1 variation-2 radius-small\"><div class=\"inner\"><div class=\"thumbnail\"><a href=\"https:\/\/englishwithrubi.com\/en\/ingilizce-kelimeleri-dogru-ve-net-telaffuz-etme-rehberi\/\"><img decoding=\"async\" src=\"https:\/\/englishwithrubi.com\/wp-content\/uploads\/2025\/11\/04_13_21_01-copy-590x430.jpg\" alt=\"Funny young woman isolated people sincere emotions lifestyle con\" \/><\/a><\/div><div class=\"content\"><div class=\"blog-date-status\"><span class=\"day\">06<\/span> <span class=\"month\">Nov<\/span><\/div><div class=\"status-style-5\"><span class=\"eduvibe-status status-05\"><i class=\"icon-price-tag-3-line\"><\/i><a href=\"https:\/\/englishwithrubi.com\/en\/category\/news\/\">News<\/a><\/span> <span class=\"eduvibe-status status-05\"><i class=\"icon-time-line\"><\/i> 5 Mins Read<\/span><\/div><h5 class=\"title\"><a href=\"https:\/\/englishwithrubi.com\/en\/ingilizce-kelimeleri-dogru-ve-net-telaffuz-etme-rehberi\/\" class=\"post-link\">\u0130ngilizce Kelimeleri Do\u011fru ve Net Telaffuz Etme Rehberi<\/a><\/h5><\/div><\/div><\/div><\/div><div class=\"eduvibe-post-one-single-slider\"><div class=\"edu-blog eduvibe-blog-post-1 variation-2 radius-small\"><div class=\"inner\"><div class=\"thumbnail\"><a href=\"https:\/\/englishwithrubi.com\/en\/ingilizcede-a-an-the-kullanimi-articles\/\"><img decoding=\"async\" src=\"https:\/\/englishwithrubi.com\/wp-content\/uploads\/2025\/10\/62dbd60fa9e8f6bbb9da940c_articles-590x430.png\" alt=\"62dbd60fa9e8f6bbb9da940c_articles\" \/><\/a><\/div><div class=\"content\"><div class=\"blog-date-status\"><span class=\"day\">05<\/span> <span class=\"month\">Nov<\/span><\/div><div class=\"status-style-5\"><span class=\"eduvibe-status status-05\"><i class=\"icon-price-tag-3-line\"><\/i><a href=\"https:\/\/englishwithrubi.com\/en\/category\/a2\/\">A2<\/a><\/span> <span class=\"eduvibe-status status-05\"><i class=\"icon-time-line\"><\/i> 4 Mins Read<\/span><\/div><h5 class=\"title\"><a href=\"https:\/\/englishwithrubi.com\/en\/ingilizcede-a-an-the-kullanimi-articles\/\" class=\"post-link\">\u0130ngilizcede &#8220;A, An, The&#8221; Kullan\u0131m\u0131 (Articles)<\/a><\/h5><\/div><\/div><\/div><\/div><\/div>\t\t\t\t<\/div>\n\t\t\t\t<\/div>\n\t\t\t\t\t<\/div>\n\t\t<\/div>\n\t\t\t\t\t<\/div>\n\t\t<\/section>\n\t\t\t\t<\/div>\n\t\t","protected":false},"excerpt":{"rendered":"<p>LATEST FROM NEWS Get Our Every News &amp; Blog 17 FebSocial Media 2 Mins Read Social Media Marketing MASTERY( A-Z&#8230;<\/p>\n","protected":false},"author":1,"featured_media":0,"parent":0,"menu_order":0,"comment_status":"closed","ping_status":"closed","template":"","meta":{"_eb_attr":"","footnotes":""},"class_list":["post-7952","page","type-page","status-publish","hentry"],"yoast_head":"<!-- This site is optimized with the Yoast SEO plugin v26.3 - https:\/\/yoast.com\/wordpress\/plugins\/seo\/ -->\n<title>Blog Carousel - English with Rubi<\/title>\n<meta name=\"robots\" content=\"index, follow, max-snippet:-1, max-image-preview:large, max-video-preview:-1\" \/>\n<link rel=\"canonical\" href=\"https:\/\/englishwithrubi.com\/en\/blog-carousel\/\" \/>\n<meta property=\"og:locale\" content=\"en_US\" \/>\n<meta property=\"og:type\" content=\"article\" \/>\n<meta property=\"og:title\" content=\"Blog Carousel - English with Rubi\" \/>\n<meta property=\"og:description\" content=\"LATEST FROM NEWS Get Our Every News &amp; Blog 17 FebSocial Media 2 Mins Read Social Media Marketing MASTERY( A-Z&#8230;\" \/>\n<meta property=\"og:url\" content=\"https:\/\/englishwithrubi.com\/en\/blog-carousel\/\" \/>\n<meta property=\"og:site_name\" content=\"English with Rubi\" \/>\n<meta property=\"article:publisher\" content=\"https:\/\/www.facebook.com\/profile.php?id=61553063665265\" \/>\n<meta property=\"og:image\" content=\"https:\/\/eduvibe.devsvibe.com\/main\/wp-content\/uploads\/2023\/01\/course-06-2-590x430.webp\" \/>\n<meta name=\"twitter:card\" content=\"summary_large_image\" \/>\n<script type=\"application\/ld+json\" class=\"yoast-schema-graph\">{\"@context\":\"https:\/\/schema.org\",\"@graph\":[{\"@type\":\"WebPage\",\"@id\":\"https:\/\/englishwithrubi.com\/blog-carousel\/\",\"url\":\"https:\/\/englishwithrubi.com\/blog-carousel\/\",\"name\":\"Blog Carousel - English with Rubi\",\"isPartOf\":{\"@id\":\"https:\/\/englishwithrubi.com\/#website\"},\"primaryImageOfPage\":{\"@id\":\"https:\/\/englishwithrubi.com\/blog-carousel\/#primaryimage\"},\"image\":{\"@id\":\"https:\/\/englishwithrubi.com\/blog-carousel\/#primaryimage\"},\"thumbnailUrl\":\"https:\/\/eduvibe.devsvibe.com\/main\/wp-content\/uploads\/2023\/01\/course-06-2-590x430.webp\",\"datePublished\":\"2023-02-28T13:38:24+00:00\",\"breadcrumb\":{\"@id\":\"https:\/\/englishwithrubi.com\/blog-carousel\/#breadcrumb\"},\"inLanguage\":\"en-US\",\"potentialAction\":[{\"@type\":\"ReadAction\",\"target\":[\"https:\/\/englishwithrubi.com\/blog-carousel\/\"]}]},{\"@type\":\"ImageObject\",\"inLanguage\":\"en-US\",\"@id\":\"https:\/\/englishwithrubi.com\/blog-carousel\/#primaryimage\",\"url\":\"https:\/\/eduvibe.devsvibe.com\/main\/wp-content\/uploads\/2023\/01\/course-06-2-590x430.webp\",\"contentUrl\":\"https:\/\/eduvibe.devsvibe.com\/main\/wp-content\/uploads\/2023\/01\/course-06-2-590x430.webp\"},{\"@type\":\"BreadcrumbList\",\"@id\":\"https:\/\/englishwithrubi.com\/blog-carousel\/#breadcrumb\",\"itemListElement\":[{\"@type\":\"ListItem\",\"position\":1,\"name\":\"Home\",\"item\":\"https:\/\/englishwithrubi.com\/en\/\"},{\"@type\":\"ListItem\",\"position\":2,\"name\":\"Blog Carousel\"}]},{\"@type\":\"WebSite\",\"@id\":\"https:\/\/englishwithrubi.com\/#website\",\"url\":\"https:\/\/englishwithrubi.com\/\",\"name\":\"English with Rubi\",\"description\":\"\",\"publisher\":{\"@id\":\"https:\/\/englishwithrubi.com\/#organization\"},\"potentialAction\":[{\"@type\":\"SearchAction\",\"target\":{\"@type\":\"EntryPoint\",\"urlTemplate\":\"https:\/\/englishwithrubi.com\/?s={search_term_string}\"},\"query-input\":{\"@type\":\"PropertyValueSpecification\",\"valueRequired\":true,\"valueName\":\"search_term_string\"}}],\"inLanguage\":\"en-US\"},{\"@type\":\"Organization\",\"@id\":\"https:\/\/englishwithrubi.com\/#organization\",\"name\":\"English with Rubi\",\"url\":\"https:\/\/englishwithrubi.com\/\",\"logo\":{\"@type\":\"ImageObject\",\"inLanguage\":\"en-US\",\"@id\":\"https:\/\/englishwithrubi.com\/#\/schema\/logo\/image\/\",\"url\":\"https:\/\/englishwithrubi.com\/wp-content\/uploads\/2023\/04\/Untitled-6.png\",\"contentUrl\":\"https:\/\/englishwithrubi.com\/wp-content\/uploads\/2023\/04\/Untitled-6.png\",\"width\":567,\"height\":144,\"caption\":\"English with Rubi\"},\"image\":{\"@id\":\"https:\/\/englishwithrubi.com\/#\/schema\/logo\/image\/\"},\"sameAs\":[\"https:\/\/www.facebook.com\/profile.php?id=61553063665265\",\"https:\/\/www.instagram.com\/englishwithrubi\/\",\"http:\/\/www.youtube.com\/@EnglishwithRubi\"]}]}<\/script>\n<!-- \/ Yoast SEO plugin. -->","yoast_head_json":{"title":"Blog Carousel - English with Rubi","robots":{"index":"index","follow":"follow","max-snippet":"max-snippet:-1","max-image-preview":"max-image-preview:large","max-video-preview":"max-video-preview:-1"},"canonical":"https:\/\/englishwithrubi.com\/en\/blog-carousel\/","og_locale":"en_US","og_type":"article","og_title":"Blog Carousel - English with Rubi","og_description":"LATEST FROM NEWS Get Our Every News &amp; Blog 17 FebSocial Media 2 Mins Read Social Media Marketing MASTERY( A-Z&#8230;","og_url":"https:\/\/englishwithrubi.com\/en\/blog-carousel\/","og_site_name":"English with Rubi","article_publisher":"https:\/\/www.facebook.com\/profile.php?id=61553063665265","og_image":[{"url":"https:\/\/eduvibe.devsvibe.com\/main\/wp-content\/uploads\/2023\/01\/course-06-2-590x430.webp","type":"","width":"","height":""}],"twitter_card":"summary_large_image","schema":{"@context":"https:\/\/schema.org","@graph":[{"@type":"WebPage","@id":"https:\/\/englishwithrubi.com\/blog-carousel\/","url":"https:\/\/englishwithrubi.com\/blog-carousel\/","name":"Blog Carousel - English with Rubi","isPartOf":{"@id":"https:\/\/englishwithrubi.com\/#website"},"primaryImageOfPage":{"@id":"https:\/\/englishwithrubi.com\/blog-carousel\/#primaryimage"},"image":{"@id":"https:\/\/englishwithrubi.com\/blog-carousel\/#primaryimage"},"thumbnailUrl":"https:\/\/eduvibe.devsvibe.com\/main\/wp-content\/uploads\/2023\/01\/course-06-2-590x430.webp","datePublished":"2023-02-28T13:38:24+00:00","breadcrumb":{"@id":"https:\/\/englishwithrubi.com\/blog-carousel\/#breadcrumb"},"inLanguage":"en-US","potentialAction":[{"@type":"ReadAction","target":["https:\/\/englishwithrubi.com\/blog-carousel\/"]}]},{"@type":"ImageObject","inLanguage":"en-US","@id":"https:\/\/englishwithrubi.com\/blog-carousel\/#primaryimage","url":"https:\/\/eduvibe.devsvibe.com\/main\/wp-content\/uploads\/2023\/01\/course-06-2-590x430.webp","contentUrl":"https:\/\/eduvibe.devsvibe.com\/main\/wp-content\/uploads\/2023\/01\/course-06-2-590x430.webp"},{"@type":"BreadcrumbList","@id":"https:\/\/englishwithrubi.com\/blog-carousel\/#breadcrumb","itemListElement":[{"@type":"ListItem","position":1,"name":"Home","item":"https:\/\/englishwithrubi.com\/en\/"},{"@type":"ListItem","position":2,"name":"Blog Carousel"}]},{"@type":"WebSite","@id":"https:\/\/englishwithrubi.com\/#website","url":"https:\/\/englishwithrubi.com\/","name":"English with Rubi","description":"","publisher":{"@id":"https:\/\/englishwithrubi.com\/#organization"},"potentialAction":[{"@type":"SearchAction","target":{"@type":"EntryPoint","urlTemplate":"https:\/\/englishwithrubi.com\/?s={search_term_string}"},"query-input":{"@type":"PropertyValueSpecification","valueRequired":true,"valueName":"search_term_string"}}],"inLanguage":"en-US"},{"@type":"Organization","@id":"https:\/\/englishwithrubi.com\/#organization","name":"English with Rubi","url":"https:\/\/englishwithrubi.com\/","logo":{"@type":"ImageObject","inLanguage":"en-US","@id":"https:\/\/englishwithrubi.com\/#\/schema\/logo\/image\/","url":"https:\/\/englishwithrubi.com\/wp-content\/uploads\/2023\/04\/Untitled-6.png","contentUrl":"https:\/\/englishwithrubi.com\/wp-content\/uploads\/2023\/04\/Untitled-6.png","width":567,"height":144,"caption":"English with Rubi"},"image":{"@id":"https:\/\/englishwithrubi.com\/#\/schema\/logo\/image\/"},"sameAs":["https:\/\/www.facebook.com\/profile.php?id=61553063665265","https:\/\/www.instagram.com\/englishwithrubi\/","http:\/\/www.youtube.com\/@EnglishwithRubi"]}]}},"_links":{"self":[{"href":"https:\/\/englishwithrubi.com\/en\/wp-json\/wp\/v2\/pages\/7952","targetHints":{"allow":["GET"]}}],"collection":[{"href":"https:\/\/englishwithrubi.com\/en\/wp-json\/wp\/v2\/pages"}],"about":[{"href":"https:\/\/englishwithrubi.com\/en\/wp-json\/wp\/v2\/types\/page"}],"author":[{"embeddable":true,"href":"https:\/\/englishwithrubi.com\/en\/wp-json\/wp\/v2\/users\/1"}],"replies":[{"embeddable":true,"href":"https:\/\/englishwithrubi.com\/en\/wp-json\/wp\/v2\/comments?post=7952"}],"version-history":[{"count":0,"href":"https:\/\/englishwithrubi.com\/en\/wp-json\/wp\/v2\/pages\/7952\/revisions"}],"wp:attachment":[{"href":"https:\/\/englishwithrubi.com\/en\/wp-json\/wp\/v2\/media?parent=7952"}],"curies":[{"name":"wp","href":"https:\/\/api.w.org\/{rel}","templated":true}]}}